{"id":275,"date":"2022-12-20T20:25:50","date_gmt":"2022-12-20T20:25:50","guid":{"rendered":"https:\/\/vitalmeaning.com\/?page_id=275"},"modified":"2023-03-05T07:04:22","modified_gmt":"2023-03-05T07:04:22","slug":"professionelle-coaching-dienste","status":"publish","type":"page","link":"https:\/\/vitalmeaning.com\/de\/professionelle-coaching-dienste\/","title":{"rendered":"Professionelle Coaching-Dienstleistungen"},"content":{"rendered":"<h2 class=\"wp-block-heading\">Was habe ich von diesem Coaching?<\/h2>\n\n\n\n<p>Bei mir bekommen Sie einen engagierten 1:1-Coach, der sich Ihre Lebenssituation anh\u00f6rt und mit Ihnen an Ihrem Unterbewusstsein arbeitet, um Ihre Lebensziele darauf auszurichten, das sch\u00f6ne Leben zu leben, das Sie verdienen. <\/p>\n\n\n\n<p>Das Unterbewusstsein kann ein m\u00e4chtiger Verb\u00fcndeter sein oder Sie mit alten, \u00fcberholten Programmen (Mangeldenken, Beziehungs\u00e4ngste) zur\u00fcckhalten. All diese Dinge waren irgendwann in der Vergangenheit gerechtfertigt. Als Mensch machen Sie viele schwierige und herausfordernde Situationen im Leben durch - und reagieren entsprechend, um sich zu sch\u00fctzen. Mit zunehmendem Alter h\u00f6rt dieser Schutz auf, n\u00fctzlich zu sein - stattdessen kostet es immer mehr, diesen Panzer mit sich herumzutragen. <\/p>\n\n\n\n<p>Leiden Sie unter Sch\u00fcchternheit in Dating-Situationen? Scheitern Ihre Beziehungen - in Ihrem pers\u00f6nlichen Dating-Leben, aber auch im Gesch\u00e4ftsleben? Erleben Sie, dass Sie sich selbst sabotieren? <\/p>\n\n\n\n<p>In diesem Blog kann ich Ihnen den Weg zeigen - und vieles l\u00e4sst sich durch die Arbeit an sich selbst erreichen, wenn Sie motiviert und engagiert sind. Wenn Sie jemanden suchen, der diesen Weg schon einmal gegangen ist, jemanden, der Sie auf Fallstricke hinweisen und Sie auf diesem Weg unterst\u00fctzen kann, sollten Sie \u00fcberlegen, ob meine Dienste f\u00fcr Sie geeignet sind.  <\/p>\n\n\n\n<h2 class=\"wp-block-heading\">Wer ist der Trainer?<\/h2>\n\n\n\n<figure class=\"wp-block-gallery has-nested-images columns-default is-cropped wp-block-gallery-1 is-layout-flex wp-block-gallery-is-layout-flex\">\n<figure class=\"wp-block-image size-large\"><img loading=\"lazy\" decoding=\"async\" width=\"683\" height=\"1024\" data-id=\"352\" src=\"https:\/\/vitalmeaning.com\/wp-content\/uploads\/2023\/03\/6.95-mauer-schwarz-1--683x1024.jpeg\" alt=\"\" class=\"wp-image-352\" srcset=\"https:\/\/vitalmeaning.com\/wp-content\/uploads\/2023\/03\/6.95-mauer-schwarz-1--683x1024.jpeg 683w, https:\/\/vitalmeaning.com\/wp-content\/uploads\/2023\/03\/6.95-mauer-schwarz-1--200x300.jpeg 200w, https:\/\/vitalmeaning.com\/wp-content\/uploads\/2023\/03\/6.95-mauer-schwarz-1--768x1152.jpeg 768w, https:\/\/vitalmeaning.com\/wp-content\/uploads\/2023\/03\/6.95-mauer-schwarz-1--1024x1536.jpeg 1024w, https:\/\/vitalmeaning.com\/wp-content\/uploads\/2023\/03\/6.95-mauer-schwarz-1--1365x2048.jpeg 1365w, https:\/\/vitalmeaning.com\/wp-content\/uploads\/2023\/03\/6.95-mauer-schwarz-1--8x12.jpeg 8w, https:\/\/vitalmeaning.com\/wp-content\/uploads\/2023\/03\/6.95-mauer-schwarz-1--scaled.jpeg 1707w\" sizes=\"auto, (max-width: 683px) 100vw, 683px\" \/><\/figure>\n\n\n\n<figure class=\"wp-block-image size-large\"><img loading=\"lazy\" decoding=\"async\" width=\"683\" height=\"1024\" data-id=\"355\" src=\"https:\/\/vitalmeaning.com\/wp-content\/uploads\/2023\/03\/5.89-lehneamcounter-683x1024.jpeg\" alt=\"\" class=\"wp-image-355\" srcset=\"https:\/\/vitalmeaning.com\/wp-content\/uploads\/2023\/03\/5.89-lehneamcounter-683x1024.jpeg 683w, https:\/\/vitalmeaning.com\/wp-content\/uploads\/2023\/03\/5.89-lehneamcounter-200x300.jpeg 200w, https:\/\/vitalmeaning.com\/wp-content\/uploads\/2023\/03\/5.89-lehneamcounter-768x1152.jpeg 768w, https:\/\/vitalmeaning.com\/wp-content\/uploads\/2023\/03\/5.89-lehneamcounter-1024x1536.jpeg 1024w, https:\/\/vitalmeaning.com\/wp-content\/uploads\/2023\/03\/5.89-lehneamcounter-1365x2048.jpeg 1365w, https:\/\/vitalmeaning.com\/wp-content\/uploads\/2023\/03\/5.89-lehneamcounter-8x12.jpeg 8w, https:\/\/vitalmeaning.com\/wp-content\/uploads\/2023\/03\/5.89-lehneamcounter-scaled.jpeg 1707w\" sizes=\"auto, (max-width: 683px) 100vw, 683px\" \/><\/figure>\n\n\n\n<figure class=\"wp-block-image size-large\"><img loading=\"lazy\" decoding=\"async\" width=\"740\" height=\"1024\" data-id=\"356\" src=\"https:\/\/vitalmeaning.com\/wp-content\/uploads\/2023\/03\/6.87-anzug-740x1024.jpeg\" alt=\"\" class=\"wp-image-356\" srcset=\"https:\/\/vitalmeaning.com\/wp-content\/uploads\/2023\/03\/6.87-anzug-740x1024.jpeg 740w, https:\/\/vitalmeaning.com\/wp-content\/uploads\/2023\/03\/6.87-anzug-217x300.jpeg 217w, https:\/\/vitalmeaning.com\/wp-content\/uploads\/2023\/03\/6.87-anzug-768x1063.jpeg 768w, https:\/\/vitalmeaning.com\/wp-content\/uploads\/2023\/03\/6.87-anzug-1109x1536.jpeg 1109w, https:\/\/vitalmeaning.com\/wp-content\/uploads\/2023\/03\/6.87-anzug-9x12.jpeg 9w, https:\/\/vitalmeaning.com\/wp-content\/uploads\/2023\/03\/6.87-anzug.jpeg 1479w\" sizes=\"auto, (max-width: 740px) 100vw, 740px\" \/><\/figure>\n<\/figure>\n\n\n\n<p>Ich bin Max - ein 39 Jahre alter Mann aus Deutschland. Wie Sie wahrscheinlich sehen k\u00f6nnen, spreche ich flie\u00dfend Englisch - zus\u00e4tzlich zu Deutsch und Russisch. Ich begann mich f\u00fcr Bindungsstile und das Unterbewusstsein zu interessieren, weil ich bei mir starke Muster der Selbstsabotage feststellte - ich jagte unerreichbaren Frauen hinterher und lehnte Frauen ab, die an mir interessiert waren. In den letzten vier Jahren habe ich erfolgreich an mir gearbeitet. Mein Leben hat sich dramatisch ver\u00e4ndert - heute bin ich viel durchsetzungsf\u00e4higer, gehe viel leichter mit stressigen Situationen um und hege keinen Groll mehr. Ich f\u00fchre ein erfolgreiches Unternehmen mit einem Jahresumsatz von 4 Millionen \u20ac - und berechne meine Beratungsleistungen entsprechend.  <\/p>\n\n\n\n<p>Ich habe eine IAT-Zertifizierung von der <a href=\"https:\/\/university.personaldevelopmentschool.com\/\">Schule f\u00fcr pers\u00f6nliche Entwicklung<\/a>und ein Medizinstudium an der LMU in M\u00fcnchen, Deutschland. <\/p>\n\n\n\n<p>Stellen Sie sich vor, wie Ihr Leben in vier Jahren aussehen k\u00f6nnte, wenn Sie heute anfangen, an sich zu arbeiten. Jeder Tag ist ein neues Geschenk f\u00fcr Sie!<\/p>\n\n\n\n<h2 class=\"wp-block-heading\">Wie hoch sind die Kosten?<\/h2>\n\n\n\n<p><strong>Die erste Sitzung ist kostenlos,<\/strong> mich und die von mir angewandte IAT-Methode (Integrierte Bindungstheorie) kennen zu lernen (entwickelt von Thais Gibson <a href=\"https:\/\/university.personaldevelopmentschool.com\/\">und ihre Schule f\u00fcr pers\u00f6nliche Entwicklung<\/a>).<\/p>\n\n\n\n<p>Danach berechne ich <strong>350 USD pro Stunde<\/strong>. Eine typische Sitzung w\u00fcrde wie folgt aussehen <strong>1 1\/2 Stunden <\/strong>(kann nach Ihren W\u00fcnschen angepasst werden), und w\u00fcrde somit kosten <strong>525 USD<\/strong>. <\/p>\n\n\n\n<p>Ich empfehle, etwa 12 Sitzungen zu buchen. Wenn Sie f\u00fcr alle 12 Sitzungen im Voraus bezahlen, senke ich den Stundensatz auf 300 USD pro Stunde - jede Sitzung w\u00fcrde also 425 USD kosten, und der Gesamtblock von 12 Sitzungen x 1,5 Stunden x 300 USD w\u00fcrde sich auf <strong>5400 USD<\/strong>. (einschlie\u00dflich des Vorauszahlungsrabatts)<\/p>\n\n\n\n<p>Ich biete diese Coaching-Dienste an, weil ich wirklich an Menschen interessiert bin und meine F\u00e4higkeiten weitergeben m\u00f6chte. Da ich ein erfolgreiches Hauptgesch\u00e4ft betreibe, muss ich diese Preise verlangen, um den Zeitaufwand meinerseits zu rechtfertigen. Wenn meine Preise f\u00fcr Sie nicht in Frage kommen, lade ich Sie ein, sich die restlichen Blog-Beitr\u00e4ge hier anzusehen, in denen ich mehr \u00fcber das Unterbewusstsein erz\u00e4hle, und <a href=\"https:\/\/university.personaldevelopmentschool.com\/\">eventuell eine Teilnahme an der Schule f\u00fcr pers\u00f6nliche Entwicklung in Erw\u00e4gung zu ziehen<\/a>. Die Inhalte, die Thais liefert (\"Golden Nuggets\"), sind so viel mehr wert als die monatlichen Abonnement- oder lebenslangen Mitgliedschaftspreise, die sie verlangt.  <\/p>\n\n\n\n<p>Es gibt auch andere IAT-Coaches - ich werde auf dieser Website eine Liste von ihnen zusammenstellen.  Viele von ihnen werden niedrigere Preise pro Stunde verlangen als ich. <\/p>\n\n\n\n<h2 class=\"wp-block-heading\">Gibt es irgendwelche Garantien?<\/h2>\n\n\n\n<p>Sicher - ich bem\u00fche mich, qualitativ hochwertige Dienstleistungen anzubieten, und m\u00f6chte, dass Sie zufrieden sind und das Gef\u00fchl haben, dass sie wirklich etwas in Ihrem Leben bewirken. <\/p>\n\n\n\n<p>Ich biete Ihnen die erste Sitzung kostenlos an, damit Sie sehen k\u00f6nnen, ob meine Dienstleistungen und mein Coaching-Stil zu Ihnen passen.<\/p>\n\n\n\n<p>Wenn Sie 12 Sitzungen im Voraus buchen (nach der ersten kostenlosen Sitzung) und im Voraus bezahlen, und sich entscheiden, zu irgendeinem Zeitpunkt abzubrechen, erstatte ich Ihnen die noch nicht verbrauchten Sitzungen.  Keine Bedingungen!<\/p>\n\n\n\n<p>Ich biete auch <strong>halber Preis zur\u00fcck <\/strong>\u00fcber die vorherige Sitzung, wenn Sie nicht zufrieden waren, und geben Sie mir zu Beginn der n\u00e4chsten Sitzung ein Feedback.<\/p>\n\n\n\n<h2 class=\"wp-block-heading\">Bieten Sie Rabatte an?<\/h2>\n\n\n\n<p>F\u00fcr mich geht es nicht ums Geld - es geht um meine Zeit. Ich denke auch, dass es f\u00fcr Sie nicht ums Geld gehen sollte - es gibt viele M\u00f6glichkeiten, die F\u00e4higkeiten zu erlangen, die ich coache - einige davon sind v\u00f6llig kostenlos, wie das Lesen dieses Blogs. Andere Coaches sind vielleicht besser f\u00fcr Sie geeignet, wenn Sie ein kleines Budget haben.<\/p>\n\n\n\n<p>Ich biete einen Rabatt an, wenn Sie 12 Sitzungen im Voraus bezahlen - <strong>5400 USD<\/strong> anstelle von <strong>6300 USD<\/strong> voller Preis. Ich biete eine volle Geld-zur\u00fcck-Garantie f\u00fcr im Voraus bezahlte, aber noch nicht in Anspruch genommene Sitzungen, und biete 1\/2 Geld-zur\u00fcck f\u00fcr die letzte Sitzung, wenn Sie mit ihr unzufrieden waren und dies zu Beginn der n\u00e4chsten Sitzung mitgeteilt haben. <\/p>\n\n\n\n<h2 class=\"wp-block-heading\">Wie kann ich mit Ihnen in Kontakt treten?<\/h2>\n\n\n\n<p>Nutzen Sie einfach mein Kontaktformular und fragen Sie nach Ihrer ersten kostenlosen Sitzung:<\/p>\n\n\n\n<div class=\"wp-block-buttons is-layout-flex wp-block-buttons-is-layout-flex\">\n<div class=\"wp-block-button aligncenter\"><a class=\"wp-block-button__link wp-element-button\" href=\"https:\/\/vitalmeaning.com\/de\/kontakt\/\">Kontaktieren Sie mich<\/a><\/div>\n<\/div>","protected":false},"excerpt":{"rendered":"<p>What will I get from this coaching? With me, you get a dedicated 1:1 coach, who listens to your life situation, and works with you on your subconscious mind to align your life goals around living the beautiful life you deserve. The subconscious can be a powerful ally, or can hold you back with old [&hellip;]<\/p>\n","protected":false},"author":2,"featured_media":0,"parent":0,"menu_order":0,"comment_status":"closed","ping_status":"closed","template":"","meta":{"_uag_custom_page_level_css":"","site-sidebar-layout":"default","site-content-layout":"","ast-site-content-layout":"default","site-content-style":"default","site-sidebar-style":"default","ast-global-header-display":"","ast-banner-title-visibility":"","ast-main-header-display":"","ast-hfb-above-header-display":"","ast-hfb-below-header-display":"","ast-hfb-mobile-header-display":"","site-post-title":"","ast-breadcrumbs-content":"","ast-featured-img":"","footer-sml-layout":"","theme-transparent-header-meta":"","adv-header-id-meta":"","stick-header-meta":"","header-above-stick-meta":"","header-main-stick-meta":"","header-below-stick-meta":"","astra-migrate-meta-layouts":"default","ast-page-background-enabled":"default","ast-page-background-meta":{"desktop":{"background-color":"var(--ast-global-color-4)","background-image":"","background-repeat":"repeat","background-position":"center center","background-size":"auto","background-attachment":"scroll","background-type":"","background-media":"","overlay-type":"","overlay-color":"","overlay-opacity":"","overlay-gradient":""},"tablet":{"background-color":"","background-image":"","background-repeat":"repeat","background-position":"center center","background-size":"auto","background-attachment":"scroll","background-type":"","background-media":"","overlay-type":"","overlay-color":"","overlay-opacity":"","overlay-gradient":""},"mobile":{"background-color":"","background-image":"","background-repeat":"repeat","background-position":"center center","background-size":"auto","background-attachment":"scroll","background-type":"","background-media":"","overlay-type":"","overlay-color":"","overlay-opacity":"","overlay-gradient":""}},"ast-content-background-meta":{"desktop":{"background-color":"var(--ast-global-color-5)","background-image":"","background-repeat":"repeat","background-position":"center center","background-size":"auto","background-attachment":"scroll","background-type":"","background-media":"","overlay-type":"","overlay-color":"","overlay-opacity":"","overlay-gradient":""},"tablet":{"background-color":"var(--ast-global-color-5)","background-image":"","background-repeat":"repeat","background-position":"center center","background-size":"auto","background-attachment":"scroll","background-type":"","background-media":"","overlay-type":"","overlay-color":"","overlay-opacity":"","overlay-gradient":""},"mobile":{"background-color":"var(--ast-global-color-5)","background-image":"","background-repeat":"repeat","background-position":"center center","background-size":"auto","background-attachment":"scroll","background-type":"","background-media":"","overlay-type":"","overlay-color":"","overlay-opacity":"","overlay-gradient":""}},"footnotes":""},"class_list":["post-275","page","type-page","status-publish","hentry"],"yoast_head":"<!-- This site is optimized with the Yoast SEO plugin v27.0 - https:\/\/yoast.com\/product\/yoast-seo-wordpress\/ -->\n<title>Professional Coaching Services - VitalMeaning<\/title>\n<meta name=\"description\" content=\"The subconscious can be a powerful ally, or can hold you back with old outdated programming (scarcity thinking, fears around relationships). All these things were justified at some point in the past. As a human being, you go through many tough and challenging situations in life - and react accordingly, in order to protect yourself. As you grow up, this protection stops being useful - instead it costs increasingly more to carry this armour around with you.\" \/>\n<meta name=\"robots\" content=\"index, follow, max-snippet:-1, max-image-preview:large, max-video-preview:-1\" \/>\n<link rel=\"canonical\" href=\"https:\/\/vitalmeaning.com\/de\/professionelle-coaching-dienste\/\" \/>\n<meta property=\"og:locale\" content=\"de_DE\" \/>\n<meta property=\"og:type\" content=\"article\" \/>\n<meta property=\"og:title\" content=\"Professional Coaching Services - VitalMeaning\" \/>\n<meta property=\"og:description\" content=\"The subconscious can be a powerful ally, or can hold you back with old outdated programming (scarcity thinking, fears around relationships). All these things were justified at some point in the past. As a human being, you go through many tough and challenging situations in life - and react accordingly, in order to protect yourself. As you grow up, this protection stops being useful - instead it costs increasingly more to carry this armour around with you.\" \/>\n<meta property=\"og:url\" content=\"https:\/\/vitalmeaning.com\/de\/professionelle-coaching-dienste\/\" \/>\n<meta property=\"og:site_name\" content=\"VitalMeaning\" \/>\n<meta property=\"article:modified_time\" content=\"2023-03-05T07:04:22+00:00\" \/>\n<meta property=\"og:image\" content=\"https:\/\/vitalmeaning.com\/wp-content\/uploads\/2023\/03\/6.95-mauer-schwarz-1--683x1024.jpeg\" \/>\n<meta name=\"twitter:card\" content=\"summary_large_image\" \/>\n<meta name=\"twitter:label1\" content=\"Gesch\u00e4tzte Lesezeit\" \/>\n\t<meta name=\"twitter:data1\" content=\"5\u00a0Minuten\" \/>\n<script type=\"application\/ld+json\" class=\"yoast-schema-graph\">{\"@context\":\"https:\/\/schema.org\",\"@graph\":[{\"@type\":\"WebPage\",\"@id\":\"https:\/\/vitalmeaning.com\/professional-coaching-services\/\",\"url\":\"https:\/\/vitalmeaning.com\/professional-coaching-services\/\",\"name\":\"Professional Coaching Services - VitalMeaning\",\"isPartOf\":{\"@id\":\"https:\/\/vitalmeaning.com\/#website\"},\"primaryImageOfPage\":{\"@id\":\"https:\/\/vitalmeaning.com\/professional-coaching-services\/#primaryimage\"},\"image\":{\"@id\":\"https:\/\/vitalmeaning.com\/professional-coaching-services\/#primaryimage\"},\"thumbnailUrl\":\"https:\/\/vitalmeaning.com\/wp-content\/uploads\/2023\/03\/6.95-mauer-schwarz-1--683x1024.jpeg\",\"datePublished\":\"2022-12-20T20:25:50+00:00\",\"dateModified\":\"2023-03-05T07:04:22+00:00\",\"description\":\"The subconscious can be a powerful ally, or can hold you back with old outdated programming (scarcity thinking, fears around relationships). All these things were justified at some point in the past. As a human being, you go through many tough and challenging situations in life - and react accordingly, in order to protect yourself. As you grow up, this protection stops being useful - instead it costs increasingly more to carry this armour around with you.\",\"breadcrumb\":{\"@id\":\"https:\/\/vitalmeaning.com\/professional-coaching-services\/#breadcrumb\"},\"inLanguage\":\"de\",\"potentialAction\":[{\"@type\":\"ReadAction\",\"target\":[\"https:\/\/vitalmeaning.com\/professional-coaching-services\/\"]}]},{\"@type\":\"ImageObject\",\"inLanguage\":\"de\",\"@id\":\"https:\/\/vitalmeaning.com\/professional-coaching-services\/#primaryimage\",\"url\":\"https:\/\/vitalmeaning.com\/wp-content\/uploads\/2023\/03\/6.95-mauer-schwarz-1--683x1024.jpeg\",\"contentUrl\":\"https:\/\/vitalmeaning.com\/wp-content\/uploads\/2023\/03\/6.95-mauer-schwarz-1--683x1024.jpeg\"},{\"@type\":\"BreadcrumbList\",\"@id\":\"https:\/\/vitalmeaning.com\/professional-coaching-services\/#breadcrumb\",\"itemListElement\":[{\"@type\":\"ListItem\",\"position\":1,\"name\":\"Home\",\"item\":\"https:\/\/vitalmeaning.com\/\"},{\"@type\":\"ListItem\",\"position\":2,\"name\":\"Professional Coaching Services\"}]},{\"@type\":\"WebSite\",\"@id\":\"https:\/\/vitalmeaning.com\/#website\",\"url\":\"https:\/\/vitalmeaning.com\/\",\"name\":\"VitalMeaning\",\"description\":\"my self development journey\",\"potentialAction\":[{\"@type\":\"SearchAction\",\"target\":{\"@type\":\"EntryPoint\",\"urlTemplate\":\"https:\/\/vitalmeaning.com\/?s={search_term_string}\"},\"query-input\":{\"@type\":\"PropertyValueSpecification\",\"valueRequired\":true,\"valueName\":\"search_term_string\"}}],\"inLanguage\":\"de\"}]}<\/script>\n<!-- \/ Yoast SEO plugin. -->","yoast_head_json":{"title":"Professionelle Coaching-Dienstleistungen - VitalMeaning","description":"Das Unterbewusstsein kann ein m\u00e4chtiger Verb\u00fcndeter sein oder Sie mit alten, \u00fcberholten Programmen (Mangeldenken, Beziehungs\u00e4ngste) zur\u00fcckhalten. All diese Dinge waren irgendwann in der Vergangenheit gerechtfertigt. Als Mensch machen Sie viele schwierige und herausfordernde Situationen im Leben durch - und reagieren entsprechend, um sich zu sch\u00fctzen. Mit zunehmendem Alter h\u00f6rt dieser Schutz auf, n\u00fctzlich zu sein - stattdessen kostet es immer mehr, diesen Panzer mit sich herumzutragen.","robots":{"index":"index","follow":"follow","max-snippet":"max-snippet:-1","max-image-preview":"max-image-preview:large","max-video-preview":"max-video-preview:-1"},"canonical":"https:\/\/vitalmeaning.com\/de\/professionelle-coaching-dienste\/","og_locale":"de_DE","og_type":"article","og_title":"Professional Coaching Services - VitalMeaning","og_description":"The subconscious can be a powerful ally, or can hold you back with old outdated programming (scarcity thinking, fears around relationships). All these things were justified at some point in the past. As a human being, you go through many tough and challenging situations in life - and react accordingly, in order to protect yourself. As you grow up, this protection stops being useful - instead it costs increasingly more to carry this armour around with you.","og_url":"https:\/\/vitalmeaning.com\/de\/professionelle-coaching-dienste\/","og_site_name":"VitalMeaning","article_modified_time":"2023-03-05T07:04:22+00:00","og_image":[{"url":"https:\/\/vitalmeaning.com\/wp-content\/uploads\/2023\/03\/6.95-mauer-schwarz-1--683x1024.jpeg","type":"","width":"","height":""}],"twitter_card":"summary_large_image","twitter_misc":{"Gesch\u00e4tzte Lesezeit":"5\u00a0Minuten"},"schema":{"@context":"https:\/\/schema.org","@graph":[{"@type":"WebPage","@id":"https:\/\/vitalmeaning.com\/professional-coaching-services\/","url":"https:\/\/vitalmeaning.com\/professional-coaching-services\/","name":"Professionelle Coaching-Dienstleistungen - VitalMeaning","isPartOf":{"@id":"https:\/\/vitalmeaning.com\/#website"},"primaryImageOfPage":{"@id":"https:\/\/vitalmeaning.com\/professional-coaching-services\/#primaryimage"},"image":{"@id":"https:\/\/vitalmeaning.com\/professional-coaching-services\/#primaryimage"},"thumbnailUrl":"https:\/\/vitalmeaning.com\/wp-content\/uploads\/2023\/03\/6.95-mauer-schwarz-1--683x1024.jpeg","datePublished":"2022-12-20T20:25:50+00:00","dateModified":"2023-03-05T07:04:22+00:00","description":"Das Unterbewusstsein kann ein m\u00e4chtiger Verb\u00fcndeter sein oder Sie mit alten, \u00fcberholten Programmen (Mangeldenken, Beziehungs\u00e4ngste) zur\u00fcckhalten. All diese Dinge waren irgendwann in der Vergangenheit gerechtfertigt. Als Mensch machen Sie viele schwierige und herausfordernde Situationen im Leben durch - und reagieren entsprechend, um sich zu sch\u00fctzen. Mit zunehmendem Alter h\u00f6rt dieser Schutz auf, n\u00fctzlich zu sein - stattdessen kostet es immer mehr, diesen Panzer mit sich herumzutragen.","breadcrumb":{"@id":"https:\/\/vitalmeaning.com\/professional-coaching-services\/#breadcrumb"},"inLanguage":"de","potentialAction":[{"@type":"ReadAction","target":["https:\/\/vitalmeaning.com\/professional-coaching-services\/"]}]},{"@type":"ImageObject","inLanguage":"de","@id":"https:\/\/vitalmeaning.com\/professional-coaching-services\/#primaryimage","url":"https:\/\/vitalmeaning.com\/wp-content\/uploads\/2023\/03\/6.95-mauer-schwarz-1--683x1024.jpeg","contentUrl":"https:\/\/vitalmeaning.com\/wp-content\/uploads\/2023\/03\/6.95-mauer-schwarz-1--683x1024.jpeg"},{"@type":"BreadcrumbList","@id":"https:\/\/vitalmeaning.com\/professional-coaching-services\/#breadcrumb","itemListElement":[{"@type":"ListItem","position":1,"name":"Home","item":"https:\/\/vitalmeaning.com\/"},{"@type":"ListItem","position":2,"name":"Professional Coaching Services"}]},{"@type":"WebSite","@id":"https:\/\/vitalmeaning.com\/#website","url":"https:\/\/vitalmeaning.com\/","name":"VitalBedeutung","description":"meine Reise zur Selbstentwicklung","potentialAction":[{"@type":"SearchAction","target":{"@type":"EntryPoint","urlTemplate":"https:\/\/vitalmeaning.com\/?s={search_term_string}"},"query-input":{"@type":"PropertyValueSpecification","valueRequired":true,"valueName":"search_term_string"}}],"inLanguage":"de"}]}},"uagb_featured_image_src":{"full":false,"thumbnail":false,"medium":false,"medium_large":false,"large":false,"1536x1536":false,"2048x2048":false,"trp-custom-language-flag":false},"uagb_author_info":{"display_name":"Max","author_link":"https:\/\/vitalmeaning.com\/de\/author\/max\/"},"uagb_comment_info":0,"uagb_excerpt":"What will I get from this coaching? With me, you get a dedicated 1:1 coach, who listens to your life situation, and works with you on your subconscious mind to align your life goals around living the beautiful life you deserve. The subconscious can be a powerful ally, or can hold you back with old&hellip;","_links":{"self":[{"href":"https:\/\/vitalmeaning.com\/de\/wp-json\/wp\/v2\/pages\/275","targetHints":{"allow":["GET"]}}],"collection":[{"href":"https:\/\/vitalmeaning.com\/de\/wp-json\/wp\/v2\/pages"}],"about":[{"href":"https:\/\/vitalmeaning.com\/de\/wp-json\/wp\/v2\/types\/page"}],"author":[{"embeddable":true,"href":"https:\/\/vitalmeaning.com\/de\/wp-json\/wp\/v2\/users\/2"}],"replies":[{"embeddable":true,"href":"https:\/\/vitalmeaning.com\/de\/wp-json\/wp\/v2\/comments?post=275"}],"version-history":[{"count":3,"href":"https:\/\/vitalmeaning.com\/de\/wp-json\/wp\/v2\/pages\/275\/revisions"}],"predecessor-version":[{"id":358,"href":"https:\/\/vitalmeaning.com\/de\/wp-json\/wp\/v2\/pages\/275\/revisions\/358"}],"wp:attachment":[{"href":"https:\/\/vitalmeaning.com\/de\/wp-json\/wp\/v2\/media?parent=275"}],"curies":[{"name":"wp","href":"https:\/\/api.w.org\/{rel}","templated":true}]}}