{"id":275,"date":"2022-12-20T20:25:50","date_gmt":"2022-12-20T20:25:50","guid":{"rendered":"https:\/\/vitalmeaning.com\/?page_id=275"},"modified":"2023-03-05T07:04:22","modified_gmt":"2023-03-05T07:04:22","slug":"servicios-de-coaching-profesional","status":"publish","type":"page","link":"https:\/\/vitalmeaning.com\/es\/servicios-de-coaching-profesional\/","title":{"rendered":"Servicios de coaching profesional"},"content":{"rendered":"<h2 class=\"wp-block-heading\">\u00bfQu\u00e9 obtendr\u00e9 de este coaching?<\/h2>\n\n\n\n<p>Conmigo, usted obtiene un dedicado 1: 1 entrenador, que escucha a su situaci\u00f3n de vida, y trabaja con usted en su mente subconsciente para alinear sus objetivos de vida en torno a vivir la hermosa vida que se merece. <\/p>\n\n\n\n<p>El subconsciente puede ser un poderoso aliado, o puede frenarte con una programaci\u00f3n anticuada (pensamiento de escasez, miedos en torno a las relaciones). Todas estas cosas estuvieron justificadas en alg\u00fan momento del pasado. Como ser humano, pasas por muchas situaciones dif\u00edciles y desafiantes en la vida, y reaccionas en consecuencia para protegerte. A medida que creces, esta protecci\u00f3n deja de ser \u00fatil y cada vez te cuesta m\u00e1s llevar contigo esta armadura. <\/p>\n\n\n\n<p>\u00bfExperimenta timidez en las citas? \u00bfFracasan sus relaciones, tanto en su vida personal como en los negocios? \u00bfSe auto-sabotea? <\/p>\n\n\n\n<p>En este blog puedo mostrarte el camino, y es mucho lo que se puede conseguir trabajando en uno mismo, cuando se est\u00e1 motivado y dedicado. Si buscas a alguien que haya recorrido este camino antes, alguien que pueda se\u00f1alarte los escollos y apoyarte a lo largo de este viaje, considera si mis servicios podr\u00edan encajar contigo.  <\/p>\n\n\n\n<h2 class=\"wp-block-heading\">\u00bfQui\u00e9n es el entrenador?<\/h2>\n\n\n\n<figure class=\"wp-block-gallery has-nested-images columns-default is-cropped wp-block-gallery-1 is-layout-flex wp-block-gallery-is-layout-flex\">\n<figure class=\"wp-block-image size-large\"><img loading=\"lazy\" decoding=\"async\" width=\"683\" height=\"1024\" data-id=\"352\" src=\"https:\/\/vitalmeaning.com\/wp-content\/uploads\/2023\/03\/6.95-mauer-schwarz-1--683x1024.jpeg\" alt=\"\" class=\"wp-image-352\" srcset=\"https:\/\/vitalmeaning.com\/wp-content\/uploads\/2023\/03\/6.95-mauer-schwarz-1--683x1024.jpeg 683w, https:\/\/vitalmeaning.com\/wp-content\/uploads\/2023\/03\/6.95-mauer-schwarz-1--200x300.jpeg 200w, https:\/\/vitalmeaning.com\/wp-content\/uploads\/2023\/03\/6.95-mauer-schwarz-1--768x1152.jpeg 768w, https:\/\/vitalmeaning.com\/wp-content\/uploads\/2023\/03\/6.95-mauer-schwarz-1--1024x1536.jpeg 1024w, https:\/\/vitalmeaning.com\/wp-content\/uploads\/2023\/03\/6.95-mauer-schwarz-1--1365x2048.jpeg 1365w, https:\/\/vitalmeaning.com\/wp-content\/uploads\/2023\/03\/6.95-mauer-schwarz-1--8x12.jpeg 8w, https:\/\/vitalmeaning.com\/wp-content\/uploads\/2023\/03\/6.95-mauer-schwarz-1--scaled.jpeg 1707w\" sizes=\"auto, (max-width: 683px) 100vw, 683px\" \/><\/figure>\n\n\n\n<figure class=\"wp-block-image size-large\"><img loading=\"lazy\" decoding=\"async\" width=\"683\" height=\"1024\" data-id=\"355\" src=\"https:\/\/vitalmeaning.com\/wp-content\/uploads\/2023\/03\/5.89-lehneamcounter-683x1024.jpeg\" alt=\"\" class=\"wp-image-355\" srcset=\"https:\/\/vitalmeaning.com\/wp-content\/uploads\/2023\/03\/5.89-lehneamcounter-683x1024.jpeg 683w, https:\/\/vitalmeaning.com\/wp-content\/uploads\/2023\/03\/5.89-lehneamcounter-200x300.jpeg 200w, https:\/\/vitalmeaning.com\/wp-content\/uploads\/2023\/03\/5.89-lehneamcounter-768x1152.jpeg 768w, https:\/\/vitalmeaning.com\/wp-content\/uploads\/2023\/03\/5.89-lehneamcounter-1024x1536.jpeg 1024w, https:\/\/vitalmeaning.com\/wp-content\/uploads\/2023\/03\/5.89-lehneamcounter-1365x2048.jpeg 1365w, https:\/\/vitalmeaning.com\/wp-content\/uploads\/2023\/03\/5.89-lehneamcounter-8x12.jpeg 8w, https:\/\/vitalmeaning.com\/wp-content\/uploads\/2023\/03\/5.89-lehneamcounter-scaled.jpeg 1707w\" sizes=\"auto, (max-width: 683px) 100vw, 683px\" \/><\/figure>\n\n\n\n<figure class=\"wp-block-image size-large\"><img loading=\"lazy\" decoding=\"async\" width=\"740\" height=\"1024\" data-id=\"356\" src=\"https:\/\/vitalmeaning.com\/wp-content\/uploads\/2023\/03\/6.87-anzug-740x1024.jpeg\" alt=\"\" class=\"wp-image-356\" srcset=\"https:\/\/vitalmeaning.com\/wp-content\/uploads\/2023\/03\/6.87-anzug-740x1024.jpeg 740w, https:\/\/vitalmeaning.com\/wp-content\/uploads\/2023\/03\/6.87-anzug-217x300.jpeg 217w, https:\/\/vitalmeaning.com\/wp-content\/uploads\/2023\/03\/6.87-anzug-768x1063.jpeg 768w, https:\/\/vitalmeaning.com\/wp-content\/uploads\/2023\/03\/6.87-anzug-1109x1536.jpeg 1109w, https:\/\/vitalmeaning.com\/wp-content\/uploads\/2023\/03\/6.87-anzug-9x12.jpeg 9w, https:\/\/vitalmeaning.com\/wp-content\/uploads\/2023\/03\/6.87-anzug.jpeg 1479w\" sizes=\"auto, (max-width: 740px) 100vw, 740px\" \/><\/figure>\n<\/figure>\n\n\n\n<p>Soy Max - un hombre de 39 a\u00f1os de Alemania. Como puede ver, hablo ingl\u00e9s con fluidez, adem\u00e1s de alem\u00e1n y ruso. Me interes\u00e9 en los estilos de apego y la mente subconsciente debido a ver fuertes patrones de auto-sabotaje de mi parte - persiguiendo mujeres no disponibles, y rechazando mujeres que estaban interesadas en m\u00ed. En los \u00faltimos cuatro a\u00f1os, he trabajado con \u00e9xito en m\u00ed mismo. Mi vida ha cambiado dr\u00e1sticamente - hoy en d\u00eda soy mucho m\u00e1s asertivo, manejo las situaciones estresantes con mucha m\u00e1s facilidad, y ya no guardo rencor. Dirijo una empresa de \u00e9xito que factura 4 millones de euros al a\u00f1o y cobro por mis servicios de consultor\u00eda lo que corresponde.  <\/p>\n\n\n\n<p>Poseo una certificaci\u00f3n IAT de la <a href=\"https:\/\/university.personaldevelopmentschool.com\/\">Escuela de Desarrollo Personal<\/a>y licenciada en Medicina por la Universidad LMU de M\u00fanich (Alemania). <\/p>\n\n\n\n<p>Imagina c\u00f3mo podr\u00eda ser tu vida dentro de cuatro a\u00f1os, si empiezas a trabajar hoy en ti mismo. \u00a1Cada d\u00eda es un nuevo regalo para ti!<\/p>\n\n\n\n<h2 class=\"wp-block-heading\">\u00bfCu\u00e1nto cuesta?<\/h2>\n\n\n\n<p><strong>La primera sesi\u00f3n es gratuita,<\/strong> para conocerme y los m\u00e9todos IAT (Teor\u00eda Integrada del Apego) que utilizo (desarrollados por Thais Gibson <a href=\"https:\/\/university.personaldevelopmentschool.com\/\">y su Escuela de Desarrollo Personal<\/a>).<\/p>\n\n\n\n<p>Despu\u00e9s cobro <strong>350 USD por hora<\/strong>. Una sesi\u00f3n t\u00edpica ser\u00eda <strong>1 hora y media <\/strong>(puede ajustarse seg\u00fan sus preferencias), por lo que costar\u00eda <strong>525 USD<\/strong>. <\/p>\n\n\n\n<p>Recomiendo reservar unas 12 sesiones. Si pagas las 12 sesiones por adelantado, reducir\u00e9 la tarifa horaria a 300 USD por hora, por lo que cada sesi\u00f3n saldr\u00eda a 425 USD, y el bloque total de 12 sesiones x 1,5 horas x 300 USD saldr\u00eda a <strong>5400 USD<\/strong>. (Incluido el descuento por pago anticipado)<\/p>\n\n\n\n<p>Ofrezco estos servicios de coaching porque me interesan de verdad los seres humanos y quiero transmitir mis habilidades. Debido a que dirijo un negocio principal exitoso, tengo que cobrar a estos niveles para justificar la inversi\u00f3n de tiempo de mi parte. Si mis precios no son un partido para usted, le invito a mirar el resto de las entradas del blog aqu\u00ed donde voy a compartir m\u00e1s sobre la mente subconsciente, y <a href=\"https:\/\/university.personaldevelopmentschool.com\/\">considerar la posibilidad de unirse a la escuela de desarrollo personal<\/a>. El contenido que Thais ofrece (\"pepitas de oro\") vale mucho m\u00e1s que los precios de suscripci\u00f3n mensual o vitalicia que pide.  <\/p>\n\n\n\n<p>Adem\u00e1s, hay otros entrenadores de IAT - voy a compilar una lista de ellos en este sitio web.  Muchos de ellos cobrar\u00e1n precios m\u00e1s bajos por hora que yo. <\/p>\n\n\n\n<h2 class=\"wp-block-heading\">\u00bfHay garant\u00edas?<\/h2>\n\n\n\n<p>Claro: me esfuerzo por ofrecer servicios de calidad y quiero que est\u00e9s contento y sientas que realmente tienen un impacto en tu vida. <\/p>\n\n\n\n<p>Ofrezco la primera sesi\u00f3n gratis, para que puedas ver si mis servicios y estilo de coaching encajan contigo.<\/p>\n\n\n\n<p>Si reservas 12 sesiones (despu\u00e9s de la primera sesi\u00f3n inicial gratuita) y pagas por adelantado, y decides abortar en cualquier momento, te reembolsar\u00e9 las sesiones que a\u00fan no hayas consumido.  Sin ning\u00fan compromiso.<\/p>\n\n\n\n<p>Tambi\u00e9n ofrezco <strong>vuelta a mitad de precio <\/strong>sobre la sesi\u00f3n anterior, si no quedaste satisfecho y me das tu opini\u00f3n al principio de la siguiente sesi\u00f3n.<\/p>\n\n\n\n<h2 class=\"wp-block-heading\">\u00bfOfrecen descuentos?<\/h2>\n\n\n\n<p>Para m\u00ed no se trata de dinero, sino de mi tiempo. Tambi\u00e9n creo que para ti no deber\u00eda tratarse de dinero: hay muchas formas de adquirir las habilidades que yo ense\u00f1o, algunas de ellas totalmente gratuitas, como leer este blog. Otros entrenadores podr\u00edan ser m\u00e1s adecuados para ti, si tienes un presupuesto limitado.<\/p>\n\n\n\n<p>Ofrezco un descuento si pagas por adelantado 12 sesiones - <strong>5400 USD<\/strong> en lugar de <strong>6300 USD<\/strong> precio completo. Ofrezco una garant\u00eda de devoluci\u00f3n total del dinero de las sesiones que se hayan pagado por adelantado pero que a\u00fan no se hayan utilizado, y ofrezco la devoluci\u00f3n de la mitad del dinero de la \u00faltima sesi\u00f3n si no est\u00e1 satisfecho con ella, y se lo comunico al comienzo de la siguiente sesi\u00f3n. <\/p>\n\n\n\n<h2 class=\"wp-block-heading\">\u00bfC\u00f3mo puedo ponerme en contacto con usted?<\/h2>\n\n\n\n<p>Muy sencillo, utiliza mi formulario de contacto para ponerte en contacto conmigo y solicitar tu primera sesi\u00f3n gratuita:<\/p>\n\n\n\n<div class=\"wp-block-buttons is-layout-flex wp-block-buttons-is-layout-flex\">\n<div class=\"wp-block-button aligncenter\"><a class=\"wp-block-button__link wp-element-button\" href=\"https:\/\/vitalmeaning.com\/es\/pongase-en-contacto-con\/\">P\u00f3ngase en contacto conmigo<\/a><\/div>\n<\/div>","protected":false},"excerpt":{"rendered":"<p>What will I get from this coaching? With me, you get a dedicated 1:1 coach, who listens to your life situation, and works with you on your subconscious mind to align your life goals around living the beautiful life you deserve. The subconscious can be a powerful ally, or can hold you back with old [&hellip;]<\/p>\n","protected":false},"author":2,"featured_media":0,"parent":0,"menu_order":0,"comment_status":"closed","ping_status":"closed","template":"","meta":{"_uag_custom_page_level_css":"","site-sidebar-layout":"default","site-content-layout":"","ast-site-content-layout":"default","site-content-style":"default","site-sidebar-style":"default","ast-global-header-display":"","ast-banner-title-visibility":"","ast-main-header-display":"","ast-hfb-above-header-display":"","ast-hfb-below-header-display":"","ast-hfb-mobile-header-display":"","site-post-title":"","ast-breadcrumbs-content":"","ast-featured-img":"","footer-sml-layout":"","theme-transparent-header-meta":"","adv-header-id-meta":"","stick-header-meta":"","header-above-stick-meta":"","header-main-stick-meta":"","header-below-stick-meta":"","astra-migrate-meta-layouts":"default","ast-page-background-enabled":"default","ast-page-background-meta":{"desktop":{"background-color":"var(--ast-global-color-4)","background-image":"","background-repeat":"repeat","background-position":"center center","background-size":"auto","background-attachment":"scroll","background-type":"","background-media":"","overlay-type":"","overlay-color":"","overlay-opacity":"","overlay-gradient":""},"tablet":{"background-color":"","background-image":"","background-repeat":"repeat","background-position":"center center","background-size":"auto","background-attachment":"scroll","background-type":"","background-media":"","overlay-type":"","overlay-color":"","overlay-opacity":"","overlay-gradient":""},"mobile":{"background-color":"","background-image":"","background-repeat":"repeat","background-position":"center center","background-size":"auto","background-attachment":"scroll","background-type":"","background-media":"","overlay-type":"","overlay-color":"","overlay-opacity":"","overlay-gradient":""}},"ast-content-background-meta":{"desktop":{"background-color":"var(--ast-global-color-5)","background-image":"","background-repeat":"repeat","background-position":"center center","background-size":"auto","background-attachment":"scroll","background-type":"","background-media":"","overlay-type":"","overlay-color":"","overlay-opacity":"","overlay-gradient":""},"tablet":{"background-color":"var(--ast-global-color-5)","background-image":"","background-repeat":"repeat","background-position":"center center","background-size":"auto","background-attachment":"scroll","background-type":"","background-media":"","overlay-type":"","overlay-color":"","overlay-opacity":"","overlay-gradient":""},"mobile":{"background-color":"var(--ast-global-color-5)","background-image":"","background-repeat":"repeat","background-position":"center center","background-size":"auto","background-attachment":"scroll","background-type":"","background-media":"","overlay-type":"","overlay-color":"","overlay-opacity":"","overlay-gradient":""}},"footnotes":""},"class_list":["post-275","page","type-page","status-publish","hentry"],"yoast_head":"<!-- This site is optimized with the Yoast SEO plugin v27.0 - https:\/\/yoast.com\/product\/yoast-seo-wordpress\/ -->\n<title>Professional Coaching Services - VitalMeaning<\/title>\n<meta name=\"description\" content=\"The subconscious can be a powerful ally, or can hold you back with old outdated programming (scarcity thinking, fears around relationships). All these things were justified at some point in the past. As a human being, you go through many tough and challenging situations in life - and react accordingly, in order to protect yourself. As you grow up, this protection stops being useful - instead it costs increasingly more to carry this armour around with you.\" \/>\n<meta name=\"robots\" content=\"index, follow, max-snippet:-1, max-image-preview:large, max-video-preview:-1\" \/>\n<link rel=\"canonical\" href=\"https:\/\/vitalmeaning.com\/es\/servicios-de-coaching-profesional\/\" \/>\n<meta property=\"og:locale\" content=\"es_ES\" \/>\n<meta property=\"og:type\" content=\"article\" \/>\n<meta property=\"og:title\" content=\"Professional Coaching Services - VitalMeaning\" \/>\n<meta property=\"og:description\" content=\"The subconscious can be a powerful ally, or can hold you back with old outdated programming (scarcity thinking, fears around relationships). All these things were justified at some point in the past. As a human being, you go through many tough and challenging situations in life - and react accordingly, in order to protect yourself. As you grow up, this protection stops being useful - instead it costs increasingly more to carry this armour around with you.\" \/>\n<meta property=\"og:url\" content=\"https:\/\/vitalmeaning.com\/es\/servicios-de-coaching-profesional\/\" \/>\n<meta property=\"og:site_name\" content=\"VitalMeaning\" \/>\n<meta property=\"article:modified_time\" content=\"2023-03-05T07:04:22+00:00\" \/>\n<meta property=\"og:image\" content=\"https:\/\/vitalmeaning.com\/wp-content\/uploads\/2023\/03\/6.95-mauer-schwarz-1--683x1024.jpeg\" \/>\n<meta name=\"twitter:card\" content=\"summary_large_image\" \/>\n<meta name=\"twitter:label1\" content=\"Tiempo de lectura\" \/>\n\t<meta name=\"twitter:data1\" content=\"5 minutos\" \/>\n<script type=\"application\/ld+json\" class=\"yoast-schema-graph\">{\"@context\":\"https:\/\/schema.org\",\"@graph\":[{\"@type\":\"WebPage\",\"@id\":\"https:\/\/vitalmeaning.com\/professional-coaching-services\/\",\"url\":\"https:\/\/vitalmeaning.com\/professional-coaching-services\/\",\"name\":\"Professional Coaching Services - VitalMeaning\",\"isPartOf\":{\"@id\":\"https:\/\/vitalmeaning.com\/#website\"},\"primaryImageOfPage\":{\"@id\":\"https:\/\/vitalmeaning.com\/professional-coaching-services\/#primaryimage\"},\"image\":{\"@id\":\"https:\/\/vitalmeaning.com\/professional-coaching-services\/#primaryimage\"},\"thumbnailUrl\":\"https:\/\/vitalmeaning.com\/wp-content\/uploads\/2023\/03\/6.95-mauer-schwarz-1--683x1024.jpeg\",\"datePublished\":\"2022-12-20T20:25:50+00:00\",\"dateModified\":\"2023-03-05T07:04:22+00:00\",\"description\":\"The subconscious can be a powerful ally, or can hold you back with old outdated programming (scarcity thinking, fears around relationships). All these things were justified at some point in the past. As a human being, you go through many tough and challenging situations in life - and react accordingly, in order to protect yourself. As you grow up, this protection stops being useful - instead it costs increasingly more to carry this armour around with you.\",\"breadcrumb\":{\"@id\":\"https:\/\/vitalmeaning.com\/professional-coaching-services\/#breadcrumb\"},\"inLanguage\":\"es\",\"potentialAction\":[{\"@type\":\"ReadAction\",\"target\":[\"https:\/\/vitalmeaning.com\/professional-coaching-services\/\"]}]},{\"@type\":\"ImageObject\",\"inLanguage\":\"es\",\"@id\":\"https:\/\/vitalmeaning.com\/professional-coaching-services\/#primaryimage\",\"url\":\"https:\/\/vitalmeaning.com\/wp-content\/uploads\/2023\/03\/6.95-mauer-schwarz-1--683x1024.jpeg\",\"contentUrl\":\"https:\/\/vitalmeaning.com\/wp-content\/uploads\/2023\/03\/6.95-mauer-schwarz-1--683x1024.jpeg\"},{\"@type\":\"BreadcrumbList\",\"@id\":\"https:\/\/vitalmeaning.com\/professional-coaching-services\/#breadcrumb\",\"itemListElement\":[{\"@type\":\"ListItem\",\"position\":1,\"name\":\"Home\",\"item\":\"https:\/\/vitalmeaning.com\/\"},{\"@type\":\"ListItem\",\"position\":2,\"name\":\"Professional Coaching Services\"}]},{\"@type\":\"WebSite\",\"@id\":\"https:\/\/vitalmeaning.com\/#website\",\"url\":\"https:\/\/vitalmeaning.com\/\",\"name\":\"VitalMeaning\",\"description\":\"my self development journey\",\"potentialAction\":[{\"@type\":\"SearchAction\",\"target\":{\"@type\":\"EntryPoint\",\"urlTemplate\":\"https:\/\/vitalmeaning.com\/?s={search_term_string}\"},\"query-input\":{\"@type\":\"PropertyValueSpecification\",\"valueRequired\":true,\"valueName\":\"search_term_string\"}}],\"inLanguage\":\"es\"}]}<\/script>\n<!-- \/ Yoast SEO plugin. -->","yoast_head_json":{"title":"Servicios de Coaching Profesional - VitalMeaning","description":"El subconsciente puede ser un poderoso aliado, o puede frenarte con una programaci\u00f3n anticuada (pensamiento de escasez, miedos en torno a las relaciones). Todas estas cosas estuvieron justificadas en alg\u00fan momento del pasado. Como ser humano, pasas por muchas situaciones dif\u00edciles y desafiantes en la vida, y reaccionas en consecuencia para protegerte. A medida que creces, esta protecci\u00f3n deja de ser \u00fatil y cada vez te cuesta m\u00e1s llevar contigo esta armadura.","robots":{"index":"index","follow":"follow","max-snippet":"max-snippet:-1","max-image-preview":"max-image-preview:large","max-video-preview":"max-video-preview:-1"},"canonical":"https:\/\/vitalmeaning.com\/es\/servicios-de-coaching-profesional\/","og_locale":"es_ES","og_type":"article","og_title":"Professional Coaching Services - VitalMeaning","og_description":"The subconscious can be a powerful ally, or can hold you back with old outdated programming (scarcity thinking, fears around relationships). All these things were justified at some point in the past. As a human being, you go through many tough and challenging situations in life - and react accordingly, in order to protect yourself. As you grow up, this protection stops being useful - instead it costs increasingly more to carry this armour around with you.","og_url":"https:\/\/vitalmeaning.com\/es\/servicios-de-coaching-profesional\/","og_site_name":"VitalMeaning","article_modified_time":"2023-03-05T07:04:22+00:00","og_image":[{"url":"https:\/\/vitalmeaning.com\/wp-content\/uploads\/2023\/03\/6.95-mauer-schwarz-1--683x1024.jpeg","type":"","width":"","height":""}],"twitter_card":"summary_large_image","twitter_misc":{"Tiempo de lectura":"5 minutos"},"schema":{"@context":"https:\/\/schema.org","@graph":[{"@type":"WebPage","@id":"https:\/\/vitalmeaning.com\/professional-coaching-services\/","url":"https:\/\/vitalmeaning.com\/professional-coaching-services\/","name":"Servicios de Coaching Profesional - VitalMeaning","isPartOf":{"@id":"https:\/\/vitalmeaning.com\/#website"},"primaryImageOfPage":{"@id":"https:\/\/vitalmeaning.com\/professional-coaching-services\/#primaryimage"},"image":{"@id":"https:\/\/vitalmeaning.com\/professional-coaching-services\/#primaryimage"},"thumbnailUrl":"https:\/\/vitalmeaning.com\/wp-content\/uploads\/2023\/03\/6.95-mauer-schwarz-1--683x1024.jpeg","datePublished":"2022-12-20T20:25:50+00:00","dateModified":"2023-03-05T07:04:22+00:00","description":"El subconsciente puede ser un poderoso aliado, o puede frenarte con una programaci\u00f3n anticuada (pensamiento de escasez, miedos en torno a las relaciones). Todas estas cosas estuvieron justificadas en alg\u00fan momento del pasado. Como ser humano, pasas por muchas situaciones dif\u00edciles y desafiantes en la vida, y reaccionas en consecuencia para protegerte. A medida que creces, esta protecci\u00f3n deja de ser \u00fatil y cada vez te cuesta m\u00e1s llevar contigo esta armadura.","breadcrumb":{"@id":"https:\/\/vitalmeaning.com\/professional-coaching-services\/#breadcrumb"},"inLanguage":"es","potentialAction":[{"@type":"ReadAction","target":["https:\/\/vitalmeaning.com\/professional-coaching-services\/"]}]},{"@type":"ImageObject","inLanguage":"es","@id":"https:\/\/vitalmeaning.com\/professional-coaching-services\/#primaryimage","url":"https:\/\/vitalmeaning.com\/wp-content\/uploads\/2023\/03\/6.95-mauer-schwarz-1--683x1024.jpeg","contentUrl":"https:\/\/vitalmeaning.com\/wp-content\/uploads\/2023\/03\/6.95-mauer-schwarz-1--683x1024.jpeg"},{"@type":"BreadcrumbList","@id":"https:\/\/vitalmeaning.com\/professional-coaching-services\/#breadcrumb","itemListElement":[{"@type":"ListItem","position":1,"name":"Home","item":"https:\/\/vitalmeaning.com\/"},{"@type":"ListItem","position":2,"name":"Professional Coaching Services"}]},{"@type":"WebSite","@id":"https:\/\/vitalmeaning.com\/#website","url":"https:\/\/vitalmeaning.com\/","name":"VitalMeaning","description":"mi viaje de autodesarrollo","potentialAction":[{"@type":"SearchAction","target":{"@type":"EntryPoint","urlTemplate":"https:\/\/vitalmeaning.com\/?s={search_term_string}"},"query-input":{"@type":"PropertyValueSpecification","valueRequired":true,"valueName":"search_term_string"}}],"inLanguage":"es"}]}},"uagb_featured_image_src":{"full":false,"thumbnail":false,"medium":false,"medium_large":false,"large":false,"1536x1536":false,"2048x2048":false,"trp-custom-language-flag":false},"uagb_author_info":{"display_name":"Max","author_link":"https:\/\/vitalmeaning.com\/es\/author\/max\/"},"uagb_comment_info":0,"uagb_excerpt":"What will I get from this coaching? With me, you get a dedicated 1:1 coach, who listens to your life situation, and works with you on your subconscious mind to align your life goals around living the beautiful life you deserve. The subconscious can be a powerful ally, or can hold you back with old&hellip;","_links":{"self":[{"href":"https:\/\/vitalmeaning.com\/es\/wp-json\/wp\/v2\/pages\/275","targetHints":{"allow":["GET"]}}],"collection":[{"href":"https:\/\/vitalmeaning.com\/es\/wp-json\/wp\/v2\/pages"}],"about":[{"href":"https:\/\/vitalmeaning.com\/es\/wp-json\/wp\/v2\/types\/page"}],"author":[{"embeddable":true,"href":"https:\/\/vitalmeaning.com\/es\/wp-json\/wp\/v2\/users\/2"}],"replies":[{"embeddable":true,"href":"https:\/\/vitalmeaning.com\/es\/wp-json\/wp\/v2\/comments?post=275"}],"version-history":[{"count":3,"href":"https:\/\/vitalmeaning.com\/es\/wp-json\/wp\/v2\/pages\/275\/revisions"}],"predecessor-version":[{"id":358,"href":"https:\/\/vitalmeaning.com\/es\/wp-json\/wp\/v2\/pages\/275\/revisions\/358"}],"wp:attachment":[{"href":"https:\/\/vitalmeaning.com\/es\/wp-json\/wp\/v2\/media?parent=275"}],"curies":[{"name":"wp","href":"https:\/\/api.w.org\/{rel}","templated":true}]}}