{"id":339,"date":"2023-03-05T06:26:28","date_gmt":"2023-03-05T06:26:28","guid":{"rendered":"https:\/\/vitalmeaning.com\/?page_id=339"},"modified":"2025-01-13T09:13:53","modified_gmt":"2025-01-13T09:13:53","slug":"pongase-en-contacto-con","status":"publish","type":"page","link":"https:\/\/vitalmeaning.com\/es\/pongase-en-contacto-con\/","title":{"rendered":"P\u00f3ngase en contacto con"},"content":{"rendered":"<elevenlabs-convai agent-id=\"FFdLWvyv5TtuWWg8mrFb\"><\/elevenlabs-convai><script src=\"https:\/\/elevenlabs.io\/convai-widget\/index.js\" async type=\"text\/javascript\"><\/script>\n\n\n\n<figure class=\"wp-block-image aligncenter size-large is-resized\"><img loading=\"lazy\" decoding=\"async\" width=\"740\" height=\"1024\" src=\"https:\/\/vitalmeaning.com\/wp-content\/uploads\/2023\/03\/6.87-anzug-740x1024.jpeg\" alt=\"\" class=\"wp-image-356\" style=\"width:-62px;height:-85px\" srcset=\"https:\/\/vitalmeaning.com\/wp-content\/uploads\/2023\/03\/6.87-anzug-740x1024.jpeg 740w, https:\/\/vitalmeaning.com\/wp-content\/uploads\/2023\/03\/6.87-anzug-217x300.jpeg 217w, https:\/\/vitalmeaning.com\/wp-content\/uploads\/2023\/03\/6.87-anzug-768x1063.jpeg 768w, https:\/\/vitalmeaning.com\/wp-content\/uploads\/2023\/03\/6.87-anzug-1109x1536.jpeg 1109w, https:\/\/vitalmeaning.com\/wp-content\/uploads\/2023\/03\/6.87-anzug-9x12.jpeg 9w, https:\/\/vitalmeaning.com\/wp-content\/uploads\/2023\/03\/6.87-anzug.jpeg 1479w\" sizes=\"auto, (max-width: 740px) 100vw, 740px\" \/><figcaption class=\"wp-element-caption\">Deseando hablar con usted<\/figcaption><\/figure>\n\n\n\n<p>Si desea ponerse en contacto, por ejemplo para hablar de mi <a href=\"https:\/\/vitalmeaning.com\/es\/servicios-de-coaching-profesional\/\">servicios de coaching profesional<\/a>rellene el siguiente formulario.<\/p>\n\n\n<div id=\"simple-contact-form-wrap\">\r\n\t\t<div id=\"simple-contact-form\" class=\"scf\">\r\n\t\t\t<form action=\"#simple-contact-form-wrap\" method=\"post\" data-trp-original-action=\"#simple-contact-form-wrap\">\r\n\t\t\t\t<div class=\"scf-row scf-name\">\r\n\t\t\t\t\t<label for=\"scf_name\">Su nombre<\/label>\r\n\t\t\t\t\t<input name=\"scf_name\" id=\"scf_name\" type=\"text\" size=\"33\" maxlength=\"99\" value=\"\" placeholder=\"Su nombre\" \/>\r\n\t\t\t\t<\/div>\r\n\t\t\t\t<div class=\"scf-row scf-email\">\r\n\t\t\t\t\t<label for=\"scf_email\">Su correo electr\u00f3nico<\/label>\r\n\t\t\t\t\t<input name=\"scf_email\" id=\"scf_email\" type=\"text\" size=\"33\" maxlength=\"99\" value=\"\" placeholder=\"Su correo electr\u00f3nico\" \/>\r\n\t\t\t\t<\/div>\r\n\t\t\t\t<div class=\"scf-row scf-response\">\r\n\t\t\t\t\t<label for=\"scf_response\">\u00bfcu\u00e1ntas patas tiene un gato? como palabra<\/label>\r\n\t\t\t\t\t<input name=\"scf_response\" id=\"scf_response\" type=\"text\" size=\"33\" maxlength=\"99\" value=\"\" placeholder=\"Respuesta correcta\" \/>\r\n\t\t\t\t<\/div>\r\n\t\t\t<div class=\"scf-row scf-website3dhhsy3\">\r\n\t\t\t\t<label for=\"website3dhhsy3\">Deje este campo vac\u00edo<\/label>\r\n\t\t\t\t<input type=\"text\" name=\"website3dhhsy3\" tabindex=\"-1\" autocomplete=\"off\" \/>\r\n\t\t\t<\/div>\r\n\t\t\t\t<div class=\"scf-row scf-message\">\r\n\t\t\t\t\t<label for=\"scf_message\">Su mensaje<\/label>\r\n\t\t\t\t\t<textarea name=\"scf_message\" id=\"scf_message\" cols=\"33\" rows=\"7\" placeholder=\"Su mensaje\"><\/textarea>\r\n\t\t\t\t<\/div>\t\t\t\t<div class=\"scf-recaptcha\">\r\n\t\t\t\t\t<script src=\"https:\/\/www.google.com\/recaptcha\/api.js?render=6LcojJsqAAAAAIpg67on63ORuNB9uXigdV6WA5wJ\"><\/script>\r\n\t\t\t\t\t<script>\r\n\t\t\t\t\t\tjQuery(document).ready(function(){\r\n\t\t\t\t\t\t\tjQuery('.scf form').on( 'submit', function(event) {\r\n\r\n\t\t\t\t\t\t\t\tevent.preventDefault();\r\n\t\t\t\t\t\t\t\tvar scfForm = jQuery(this);\r\n\t\t\t\t\t\t\t\tvar scfEmail = jQuery(this).find('#scf_email').val();\r\n\r\n\t\t\t\t\t\t\t\tgrecaptcha.ready(function() {\r\n\t\t\t\t\t\t\t\t\tgrecaptcha.execute('6LcojJsqAAAAAIpg67on63ORuNB9uXigdV6WA5wJ', {action: 'contact'}).then(function(token) {\r\n\t\t\t\t\t\t\t\t\t\tscfForm.prepend('<input type=\"hidden\" name=\"token\" value=\"' + token + '\">');\r\n\t\t\t\t\t\t\t\t\t\tscfForm.prepend('<input type=\"hidden\" name=\"action\" value=\"contact\">');\r\n\t\t\t\t\t\t\t\t\t\tscfForm.unbind('submit').submit();\r\n\t\t\t\t\t\t\t\t\t});\r\n\t\t\t\t\t\t\t\t});\r\n\r\n\t\t\t\t\t\t\t});\r\n\t\t\t\t\t\t});\r\n\t\t\t\t\t<\/script>\r\n\t\t\t\t<\/div>\r\n\t\t\t\t<div class=\"scf-confirm-checkbox\">\r\n\t\t<label><input type=\"checkbox\" required> Doy mi consentimiento para que este sitio web almacene la informaci\u00f3n que he enviado para que puedan responder a mi consulta. Consulte nuestra pol\u00edtica de privacidad para saber m\u00e1s sobre c\u00f3mo utilizamos los datos.<\/label>\r\n\t<\/div><!-- .scf-confirm-checkbox -->\r\n\t<div class=\"scf-submit\">\r\n\t\t\t\t\t<input type=\"submit\" id=\"scf-button\" value=\"Enviar correo electr\u00f3nico\">\r\n\t\t\t\t\t<input type=\"hidden\" id=\"scf-key\" name=\"scf-key\" value=\"process\">\r\n\t\t\t\t\t<input type=\"hidden\" id=\"scf-nonce\" name=\"scf-nonce\" value=\"f4c2085fb2\" \/>\r\n\t\t\t\t<\/div><input type=\"hidden\" name=\"trp-form-language\" value=\"es\"\/><\/form>\r\n\t\t<\/div>\r\n\t\t<style>.scf-confirm-checkbox { margin-top: 15px; } .scf-website3dhhsy3 { display: none; } #simple-contact-form .scf-row { width: 100%; overflow: hidden; margin: 5px 0; padding: 5px 0; border: 0; } #simple-contact-form .scf-row input { box-sizing: border-box; float: left; clear: none; width: 75%; margin: 0; } #simple-contact-form .scf-row label { box-sizing: border-box; float: left; clear: both; width: 25%; margin-top: 5px; font-size: 90%; } #simple-contact-form .scf-row textarea { box-sizing: border-box; float: left; clear: both; width: 100%; margin-top: 2px; }#simple-contact-form form { max-width: 700px; padding: 5px; } #simple-contact-form .scf-row { width: 100%; overflow: hidden; margin: 5px 0; padding: 5px 0; border: 0; } #simple-contact-form .scf-row input { box-sizing: border-box; float: left; clear: none; width: 75%; margin: 0; } #simple-contact-form .scf-row label { box-sizing: border-box; float: left; clear: both; width: 25%; margin-top: 5px; font-size: 90%; } #simple-contact-form .scf-row textarea { box-sizing: border-box; float: left; clear: both; width: 100%; margin-top: 2px; } #scf_success pre { white-space: pre-wrap; } p.scf_error, p.scf_spam { color: #cc0000; } div.scf-submit { margin-top: 10px; } p.scf_success { color: #669966; } .scf-confirm-checkbox { margin-top: 15px; } .scf-website3dhhsy3 { display: none; }<\/style><div style=\"clear:both\">&nbsp;<\/div><\/div>","protected":false},"excerpt":{"rendered":"<p>Si desea ponerse en contacto conmigo, por ejemplo para hablar de mis servicios de coaching profesional, rellene el siguiente formulario.<\/p>","protected":false},"author":2,"featured_media":0,"parent":0,"menu_order":0,"comment_status":"closed","ping_status":"closed","template":"","meta":{"_uag_custom_page_level_css":"","site-sidebar-layout":"default","site-content-layout":"","ast-site-content-layout":"default","site-content-style":"default","site-sidebar-style":"default","ast-global-header-display":"","ast-banner-title-visibility":"","ast-main-header-display":"","ast-hfb-above-header-display":"","ast-hfb-below-header-display":"","ast-hfb-mobile-header-display":"","site-post-title":"","ast-breadcrumbs-content":"","ast-featured-img":"","footer-sml-layout":"","theme-transparent-header-meta":"","adv-header-id-meta":"","stick-header-meta":"","header-above-stick-meta":"","header-main-stick-meta":"","header-below-stick-meta":"","astra-migrate-meta-layouts":"set","ast-page-background-enabled":"default","ast-page-background-meta":{"desktop":{"background-color":"var(--ast-global-color-4)","background-image":"","background-repeat":"repeat","background-position":"center center","background-size":"auto","background-attachment":"scroll","background-type":"","background-media":"","overlay-type":"","overlay-color":"","overlay-opacity":"","overlay-gradient":""},"tablet":{"background-color":"","background-image":"","background-repeat":"repeat","background-position":"center center","background-size":"auto","background-attachment":"scroll","background-type":"","background-media":"","overlay-type":"","overlay-color":"","overlay-opacity":"","overlay-gradient":""},"mobile":{"background-color":"","background-image":"","background-repeat":"repeat","background-position":"center center","background-size":"auto","background-attachment":"scroll","background-type":"","background-media":"","overlay-type":"","overlay-color":"","overlay-opacity":"","overlay-gradient":""}},"ast-content-background-meta":{"desktop":{"background-color":"var(--ast-global-color-5)","background-image":"","background-repeat":"repeat","background-position":"center center","background-size":"auto","background-attachment":"scroll","background-type":"","background-media":"","overlay-type":"","overlay-color":"","overlay-opacity":"","overlay-gradient":""},"tablet":{"background-color":"var(--ast-global-color-5)","background-image":"","background-repeat":"repeat","background-position":"center center","background-size":"auto","background-attachment":"scroll","background-type":"","background-media":"","overlay-type":"","overlay-color":"","overlay-opacity":"","overlay-gradient":""},"mobile":{"background-color":"var(--ast-global-color-5)","background-image":"","background-repeat":"repeat","background-position":"center center","background-size":"auto","background-attachment":"scroll","background-type":"","background-media":"","overlay-type":"","overlay-color":"","overlay-opacity":"","overlay-gradient":""}},"footnotes":""},"class_list":["post-339","page","type-page","status-publish","hentry"],"yoast_head":"<!-- This site is optimized with the Yoast SEO plugin v27.0 - https:\/\/yoast.com\/product\/yoast-seo-wordpress\/ -->\n<title>Contact - VitalMeaning<\/title>\n<meta name=\"robots\" content=\"index, follow, max-snippet:-1, max-image-preview:large, max-video-preview:-1\" \/>\n<link rel=\"canonical\" href=\"https:\/\/vitalmeaning.com\/es\/pongase-en-contacto-con\/\" \/>\n<meta property=\"og:locale\" content=\"es_ES\" \/>\n<meta property=\"og:type\" content=\"article\" \/>\n<meta property=\"og:title\" content=\"Contact - VitalMeaning\" \/>\n<meta property=\"og:description\" content=\"If you want to get in touch, for example to discuss my professional coaching services, please fill in the form below.\" \/>\n<meta property=\"og:url\" content=\"https:\/\/vitalmeaning.com\/es\/pongase-en-contacto-con\/\" \/>\n<meta property=\"og:site_name\" content=\"VitalMeaning\" \/>\n<meta property=\"article:modified_time\" content=\"2025-01-13T09:13:53+00:00\" \/>\n<meta property=\"og:image\" content=\"https:\/\/vitalmeaning.com\/wp-content\/uploads\/2023\/03\/6.87-anzug.jpeg\" \/>\n\t<meta property=\"og:image:width\" content=\"1479\" \/>\n\t<meta property=\"og:image:height\" content=\"2048\" \/>\n\t<meta property=\"og:image:type\" content=\"image\/jpeg\" \/>\n<meta name=\"twitter:card\" content=\"summary_large_image\" \/>\n<meta name=\"twitter:label1\" content=\"Tiempo de lectura\" \/>\n\t<meta name=\"twitter:data1\" content=\"1 minuto\" \/>\n<script type=\"application\/ld+json\" class=\"yoast-schema-graph\">{\"@context\":\"https:\/\/schema.org\",\"@graph\":[{\"@type\":\"WebPage\",\"@id\":\"https:\/\/vitalmeaning.com\/contact\/\",\"url\":\"https:\/\/vitalmeaning.com\/contact\/\",\"name\":\"Contact - VitalMeaning\",\"isPartOf\":{\"@id\":\"https:\/\/vitalmeaning.com\/#website\"},\"primaryImageOfPage\":{\"@id\":\"https:\/\/vitalmeaning.com\/contact\/#primaryimage\"},\"image\":{\"@id\":\"https:\/\/vitalmeaning.com\/contact\/#primaryimage\"},\"thumbnailUrl\":\"https:\/\/vitalmeaning.com\/wp-content\/uploads\/2023\/03\/6.87-anzug-740x1024.jpeg\",\"datePublished\":\"2023-03-05T06:26:28+00:00\",\"dateModified\":\"2025-01-13T09:13:53+00:00\",\"breadcrumb\":{\"@id\":\"https:\/\/vitalmeaning.com\/contact\/#breadcrumb\"},\"inLanguage\":\"es\",\"potentialAction\":[{\"@type\":\"ReadAction\",\"target\":[\"https:\/\/vitalmeaning.com\/contact\/\"]}]},{\"@type\":\"ImageObject\",\"inLanguage\":\"es\",\"@id\":\"https:\/\/vitalmeaning.com\/contact\/#primaryimage\",\"url\":\"https:\/\/vitalmeaning.com\/wp-content\/uploads\/2023\/03\/6.87-anzug-740x1024.jpeg\",\"contentUrl\":\"https:\/\/vitalmeaning.com\/wp-content\/uploads\/2023\/03\/6.87-anzug-740x1024.jpeg\"},{\"@type\":\"BreadcrumbList\",\"@id\":\"https:\/\/vitalmeaning.com\/contact\/#breadcrumb\",\"itemListElement\":[{\"@type\":\"ListItem\",\"position\":1,\"name\":\"Home\",\"item\":\"https:\/\/vitalmeaning.com\/\"},{\"@type\":\"ListItem\",\"position\":2,\"name\":\"Contact\"}]},{\"@type\":\"WebSite\",\"@id\":\"https:\/\/vitalmeaning.com\/#website\",\"url\":\"https:\/\/vitalmeaning.com\/\",\"name\":\"VitalMeaning\",\"description\":\"my self development journey\",\"potentialAction\":[{\"@type\":\"SearchAction\",\"target\":{\"@type\":\"EntryPoint\",\"urlTemplate\":\"https:\/\/vitalmeaning.com\/?s={search_term_string}\"},\"query-input\":{\"@type\":\"PropertyValueSpecification\",\"valueRequired\":true,\"valueName\":\"search_term_string\"}}],\"inLanguage\":\"es\"}]}<\/script>\n<!-- \/ Yoast SEO plugin. -->","yoast_head_json":{"title":"Contacto - VitalMeaning","robots":{"index":"index","follow":"follow","max-snippet":"max-snippet:-1","max-image-preview":"max-image-preview:large","max-video-preview":"max-video-preview:-1"},"canonical":"https:\/\/vitalmeaning.com\/es\/pongase-en-contacto-con\/","og_locale":"es_ES","og_type":"article","og_title":"Contact - VitalMeaning","og_description":"If you want to get in touch, for example to discuss my professional coaching services, please fill in the form below.","og_url":"https:\/\/vitalmeaning.com\/es\/pongase-en-contacto-con\/","og_site_name":"VitalMeaning","article_modified_time":"2025-01-13T09:13:53+00:00","og_image":[{"width":1479,"height":2048,"url":"https:\/\/vitalmeaning.com\/wp-content\/uploads\/2023\/03\/6.87-anzug.jpeg","type":"image\/jpeg"}],"twitter_card":"summary_large_image","twitter_misc":{"Tiempo de lectura":"1 minuto"},"schema":{"@context":"https:\/\/schema.org","@graph":[{"@type":"WebPage","@id":"https:\/\/vitalmeaning.com\/contact\/","url":"https:\/\/vitalmeaning.com\/contact\/","name":"Contacto - VitalMeaning","isPartOf":{"@id":"https:\/\/vitalmeaning.com\/#website"},"primaryImageOfPage":{"@id":"https:\/\/vitalmeaning.com\/contact\/#primaryimage"},"image":{"@id":"https:\/\/vitalmeaning.com\/contact\/#primaryimage"},"thumbnailUrl":"https:\/\/vitalmeaning.com\/wp-content\/uploads\/2023\/03\/6.87-anzug-740x1024.jpeg","datePublished":"2023-03-05T06:26:28+00:00","dateModified":"2025-01-13T09:13:53+00:00","breadcrumb":{"@id":"https:\/\/vitalmeaning.com\/contact\/#breadcrumb"},"inLanguage":"es","potentialAction":[{"@type":"ReadAction","target":["https:\/\/vitalmeaning.com\/contact\/"]}]},{"@type":"ImageObject","inLanguage":"es","@id":"https:\/\/vitalmeaning.com\/contact\/#primaryimage","url":"https:\/\/vitalmeaning.com\/wp-content\/uploads\/2023\/03\/6.87-anzug-740x1024.jpeg","contentUrl":"https:\/\/vitalmeaning.com\/wp-content\/uploads\/2023\/03\/6.87-anzug-740x1024.jpeg"},{"@type":"BreadcrumbList","@id":"https:\/\/vitalmeaning.com\/contact\/#breadcrumb","itemListElement":[{"@type":"ListItem","position":1,"name":"Home","item":"https:\/\/vitalmeaning.com\/"},{"@type":"ListItem","position":2,"name":"Contact"}]},{"@type":"WebSite","@id":"https:\/\/vitalmeaning.com\/#website","url":"https:\/\/vitalmeaning.com\/","name":"VitalMeaning","description":"mi viaje de autodesarrollo","potentialAction":[{"@type":"SearchAction","target":{"@type":"EntryPoint","urlTemplate":"https:\/\/vitalmeaning.com\/?s={search_term_string}"},"query-input":{"@type":"PropertyValueSpecification","valueRequired":true,"valueName":"search_term_string"}}],"inLanguage":"es"}]}},"uagb_featured_image_src":{"full":false,"thumbnail":false,"medium":false,"medium_large":false,"large":false,"1536x1536":false,"2048x2048":false,"trp-custom-language-flag":false},"uagb_author_info":{"display_name":"Max","author_link":"https:\/\/vitalmeaning.com\/es\/author\/max\/"},"uagb_comment_info":0,"uagb_excerpt":"If you want to get in touch, for example to discuss my professional coaching services, please fill in the form below.","_links":{"self":[{"href":"https:\/\/vitalmeaning.com\/es\/wp-json\/wp\/v2\/pages\/339","targetHints":{"allow":["GET"]}}],"collection":[{"href":"https:\/\/vitalmeaning.com\/es\/wp-json\/wp\/v2\/pages"}],"about":[{"href":"https:\/\/vitalmeaning.com\/es\/wp-json\/wp\/v2\/types\/page"}],"author":[{"embeddable":true,"href":"https:\/\/vitalmeaning.com\/es\/wp-json\/wp\/v2\/users\/2"}],"replies":[{"embeddable":true,"href":"https:\/\/vitalmeaning.com\/es\/wp-json\/wp\/v2\/comments?post=339"}],"version-history":[{"count":9,"href":"https:\/\/vitalmeaning.com\/es\/wp-json\/wp\/v2\/pages\/339\/revisions"}],"predecessor-version":[{"id":498,"href":"https:\/\/vitalmeaning.com\/es\/wp-json\/wp\/v2\/pages\/339\/revisions\/498"}],"wp:attachment":[{"href":"https:\/\/vitalmeaning.com\/es\/wp-json\/wp\/v2\/media?parent=339"}],"curies":[{"name":"wp","href":"https:\/\/api.w.org\/{rel}","templated":true}]}}