{"id":275,"date":"2022-12-20T20:25:50","date_gmt":"2022-12-20T20:25:50","guid":{"rendered":"https:\/\/vitalmeaning.com\/?page_id=275"},"modified":"2023-03-05T07:04:22","modified_gmt":"2023-03-05T07:04:22","slug":"services-de-coaching-professionnel","status":"publish","type":"page","link":"https:\/\/vitalmeaning.com\/fr\/services-de-coaching-professionnel\/","title":{"rendered":"Services de coaching professionnel"},"content":{"rendered":"<h2 class=\"wp-block-heading\">Que vais-je retirer de ce coaching ?<\/h2>\n\n\n\n<p>Avec moi, vous b\u00e9n\u00e9ficiez d'un coach d\u00e9di\u00e9 1:1, qui \u00e9coute votre situation de vie, et travaille avec vous sur votre subconscient pour aligner vos objectifs de vie autour de la belle vie que vous m\u00e9ritez. <\/p>\n\n\n\n<p>Le subconscient peut \u00eatre un alli\u00e9 puissant, ou peut vous retenir avec de vieilles programmations d\u00e9pass\u00e9es (pens\u00e9e de p\u00e9nurie, peurs autour des relations). Toutes ces choses \u00e9taient justifi\u00e9es \u00e0 un moment donn\u00e9 dans le pass\u00e9. En tant qu'\u00eatre humain, vous traversez de nombreuses situations difficiles dans la vie - et vous r\u00e9agissez en cons\u00e9quence, afin de vous prot\u00e9ger. Au fur et \u00e0 mesure que vous grandissez, cette protection cesse d'\u00eatre utile - au contraire, il vous en co\u00fbte de plus en plus cher de porter cette armure sur vous. <\/p>\n\n\n\n<p>Etes-vous timide dans les situations de rencontre ? Vos relations - dans votre vie amoureuse personnelle, mais aussi dans votre vie professionnelle - \u00e9chouent-elles ? Vous arrive-t-il de vous auto-saboter ? <\/p>\n\n\n\n<p>Dans ce blog, je peux vous montrer le chemin - et beaucoup de choses sont r\u00e9alisables en travaillant sur soi-m\u00eame, quand on est motiv\u00e9 et d\u00e9vou\u00e9. Si vous cherchez quelqu'un qui a d\u00e9j\u00e0 parcouru ce chemin, quelqu'un qui peut vous indiquer les pi\u00e8ges et vous soutenir tout au long de ce voyage, voyez si mes services peuvent vous convenir.  <\/p>\n\n\n\n<h2 class=\"wp-block-heading\">Qui est l'entra\u00eeneur ?<\/h2>\n\n\n\n<figure class=\"wp-block-gallery has-nested-images columns-default is-cropped wp-block-gallery-1 is-layout-flex wp-block-gallery-is-layout-flex\">\n<figure class=\"wp-block-image size-large\"><img loading=\"lazy\" decoding=\"async\" width=\"683\" height=\"1024\" data-id=\"352\" src=\"https:\/\/vitalmeaning.com\/wp-content\/uploads\/2023\/03\/6.95-mauer-schwarz-1--683x1024.jpeg\" alt=\"\" class=\"wp-image-352\" srcset=\"https:\/\/vitalmeaning.com\/wp-content\/uploads\/2023\/03\/6.95-mauer-schwarz-1--683x1024.jpeg 683w, https:\/\/vitalmeaning.com\/wp-content\/uploads\/2023\/03\/6.95-mauer-schwarz-1--200x300.jpeg 200w, https:\/\/vitalmeaning.com\/wp-content\/uploads\/2023\/03\/6.95-mauer-schwarz-1--768x1152.jpeg 768w, https:\/\/vitalmeaning.com\/wp-content\/uploads\/2023\/03\/6.95-mauer-schwarz-1--1024x1536.jpeg 1024w, https:\/\/vitalmeaning.com\/wp-content\/uploads\/2023\/03\/6.95-mauer-schwarz-1--1365x2048.jpeg 1365w, https:\/\/vitalmeaning.com\/wp-content\/uploads\/2023\/03\/6.95-mauer-schwarz-1--8x12.jpeg 8w, https:\/\/vitalmeaning.com\/wp-content\/uploads\/2023\/03\/6.95-mauer-schwarz-1--scaled.jpeg 1707w\" sizes=\"auto, (max-width: 683px) 100vw, 683px\" \/><\/figure>\n\n\n\n<figure class=\"wp-block-image size-large\"><img loading=\"lazy\" decoding=\"async\" width=\"683\" height=\"1024\" data-id=\"355\" src=\"https:\/\/vitalmeaning.com\/wp-content\/uploads\/2023\/03\/5.89-lehneamcounter-683x1024.jpeg\" alt=\"\" class=\"wp-image-355\" srcset=\"https:\/\/vitalmeaning.com\/wp-content\/uploads\/2023\/03\/5.89-lehneamcounter-683x1024.jpeg 683w, https:\/\/vitalmeaning.com\/wp-content\/uploads\/2023\/03\/5.89-lehneamcounter-200x300.jpeg 200w, https:\/\/vitalmeaning.com\/wp-content\/uploads\/2023\/03\/5.89-lehneamcounter-768x1152.jpeg 768w, https:\/\/vitalmeaning.com\/wp-content\/uploads\/2023\/03\/5.89-lehneamcounter-1024x1536.jpeg 1024w, https:\/\/vitalmeaning.com\/wp-content\/uploads\/2023\/03\/5.89-lehneamcounter-1365x2048.jpeg 1365w, https:\/\/vitalmeaning.com\/wp-content\/uploads\/2023\/03\/5.89-lehneamcounter-8x12.jpeg 8w, https:\/\/vitalmeaning.com\/wp-content\/uploads\/2023\/03\/5.89-lehneamcounter-scaled.jpeg 1707w\" sizes=\"auto, (max-width: 683px) 100vw, 683px\" \/><\/figure>\n\n\n\n<figure class=\"wp-block-image size-large\"><img loading=\"lazy\" decoding=\"async\" width=\"740\" height=\"1024\" data-id=\"356\" src=\"https:\/\/vitalmeaning.com\/wp-content\/uploads\/2023\/03\/6.87-anzug-740x1024.jpeg\" alt=\"\" class=\"wp-image-356\" srcset=\"https:\/\/vitalmeaning.com\/wp-content\/uploads\/2023\/03\/6.87-anzug-740x1024.jpeg 740w, https:\/\/vitalmeaning.com\/wp-content\/uploads\/2023\/03\/6.87-anzug-217x300.jpeg 217w, https:\/\/vitalmeaning.com\/wp-content\/uploads\/2023\/03\/6.87-anzug-768x1063.jpeg 768w, https:\/\/vitalmeaning.com\/wp-content\/uploads\/2023\/03\/6.87-anzug-1109x1536.jpeg 1109w, https:\/\/vitalmeaning.com\/wp-content\/uploads\/2023\/03\/6.87-anzug-9x12.jpeg 9w, https:\/\/vitalmeaning.com\/wp-content\/uploads\/2023\/03\/6.87-anzug.jpeg 1479w\" sizes=\"auto, (max-width: 740px) 100vw, 740px\" \/><\/figure>\n<\/figure>\n\n\n\n<p>Je m'appelle Max - un homme de 39 ans, originaire d'Allemagne. Comme vous pouvez le constater, je parle couramment l'anglais, mais aussi l'allemand et le russe. J'ai commenc\u00e9 \u00e0 m'int\u00e9resser aux styles d'attachement et \u00e0 l'esprit subconscient parce que j'ai constat\u00e9 que je me sabotais moi-m\u00eame - en courant apr\u00e8s des femmes indisponibles et en rejetant les femmes qui s'int\u00e9ressaient \u00e0 moi. Au cours des quatre derni\u00e8res ann\u00e9es, j'ai r\u00e9ussi \u00e0 travailler sur moi-m\u00eame. Ma vie a radicalement chang\u00e9 : aujourd'hui, je suis beaucoup plus s\u00fbr de moi, je g\u00e8re beaucoup plus facilement les situations stressantes et je ne suis plus rancunier. Je dirige une entreprise florissante qui r\u00e9alise un chiffre d'affaires de 4 millions d'euros par an - et je facture mes services de conseil en cons\u00e9quence.  <\/p>\n\n\n\n<p>Je suis titulaire d'une certification IAT de la <a href=\"https:\/\/university.personaldevelopmentschool.com\/\">\u00c9cole de d\u00e9veloppement personnel<\/a>et un dipl\u00f4me de m\u00e9decine de l'universit\u00e9 LMU de Munich, en Allemagne. <\/p>\n\n\n\n<p>Imaginez \u00e0 quoi pourrait ressembler votre vie dans quatre ans, si vous commencez \u00e0 travailler sur vous-m\u00eame d\u00e8s aujourd'hui. Chaque jour est un nouveau cadeau pour vous !<\/p>\n\n\n\n<h2 class=\"wp-block-heading\">Combien cela co\u00fbte-t-il ?<\/h2>\n\n\n\n<p><strong>La premi\u00e8re session est gratuite,<\/strong> pour apprendre \u00e0 me conna\u00eetre et \u00e0 conna\u00eetre les m\u00e9thodes IAT (Integrated attachment theory) que j'utilise (d\u00e9velopp\u00e9es par Thais Gibson). <a href=\"https:\/\/university.personaldevelopmentschool.com\/\">et son \u00e9cole de d\u00e9veloppement personnel<\/a>).<\/p>\n\n\n\n<p>Apr\u00e8s cela, je facture <strong>350 USD par heure<\/strong>. Une session typique serait <strong>1 heure et demie <\/strong>(peut \u00eatre ajust\u00e9 en fonction de vos pr\u00e9f\u00e9rences), et co\u00fbteraient donc <strong>525 USD<\/strong>. <\/p>\n\n\n\n<p>Je recommande de r\u00e9server environ 12 s\u00e9ances. Si vous payez les 12 s\u00e9ances \u00e0 l'avance, je r\u00e9duirai le taux horaire \u00e0 300 USD par heure - chaque s\u00e9ance co\u00fbtera donc 425 USD, et le bloc total de 12 s\u00e9ances x 1,5 heure x 300 USD s'\u00e9l\u00e8vera \u00e0 <strong>5400 USD<\/strong>. (y compris l'escompte pour paiement anticip\u00e9)<\/p>\n\n\n\n<p>J'offre ces services de coaching parce que je m'int\u00e9resse sinc\u00e8rement aux \u00eatres humains et que je souhaite transmettre mes comp\u00e9tences. \u00c9tant donn\u00e9 que je g\u00e8re une entreprise principale prosp\u00e8re, je dois facturer \u00e0 ces niveaux pour justifier l'investissement en temps de ma part. Si mes prix ne vous conviennent pas, je vous invite \u00e0 consulter le reste des articles de ce blog, o\u00f9 je vous en dirai plus sur le subconscient, et sur la fa\u00e7on dont les choses se passent. <a href=\"https:\/\/university.personaldevelopmentschool.com\/\">d'envisager \u00e9ventuellement de rejoindre l'\u00e9cole de d\u00e9veloppement personnel<\/a>. Le contenu que Thais fournit (\"p\u00e9pites d'or\") vaut tellement plus que le prix de l'abonnement mensuel ou de l'adh\u00e9sion \u00e0 vie qu'elle demande.  <\/p>\n\n\n\n<p>Il existe \u00e9galement d'autres coachs du SIA - je vais en dresser la liste sur ce site.  Nombre d'entre eux pratiqueront des tarifs horaires inf\u00e9rieurs aux miens. <\/p>\n\n\n\n<h2 class=\"wp-block-heading\">Y a-t-il des garanties ?<\/h2>\n\n\n\n<p>Bien s\u00fbr - Je m'efforce d'offrir des services de qualit\u00e9, et je veux que vous soyez heureux et que vous sentiez qu'ils ont vraiment un impact dans votre vie. <\/p>\n\n\n\n<p>J'offre la premi\u00e8re s\u00e9ance gratuitement, afin que vous puissiez voir si mes services et mon style de coaching vous conviennent.<\/p>\n\n\n\n<p>Si vous r\u00e9servez 12 s\u00e9ances (apr\u00e8s la premi\u00e8re s\u00e9ance gratuite) et payez \u00e0 l'avance, et d\u00e9cidez d'abandonner \u00e0 tout moment, je vous rembourserai les s\u00e9ances que vous n'avez pas encore utilis\u00e9es.  Sans conditions !<\/p>\n\n\n\n<p>Je propose \u00e9galement <strong>retour \u00e0 moiti\u00e9 prix <\/strong>sur la session pr\u00e9c\u00e9dente, si vous n'\u00e9tiez pas satisfait et me donner un feedback au d\u00e9but de la prochaine session.<\/p>\n\n\n\n<h2 class=\"wp-block-heading\">Offrez-vous des rabais ?<\/h2>\n\n\n\n<p>Il ne s'agit pas d'argent pour moi, mais de mon temps. Il existe de nombreuses fa\u00e7ons d'acqu\u00e9rir les comp\u00e9tences que je vous enseigne, dont certaines sont enti\u00e8rement gratuites, comme la lecture de ce blog. D'autres coachs pourraient \u00eatre plus appropri\u00e9s pour vous, si vous avez un budget limit\u00e9.<\/p>\n\n\n\n<p>J'offre un rabais si vous payez d'avance 12 s\u00e9ances. <strong>5400 USD<\/strong> au lieu de <strong>6300 USD<\/strong> plein tarif. J'offre une garantie de remboursement complet sur toutes les sessions qui sont pr\u00e9pay\u00e9es mais pas encore utilis\u00e9es, et j'offre 1\/2 remboursement sur la derni\u00e8re session si vous n'\u00e9tiez pas satisfait de celle-ci, et communiqu\u00e9 au d\u00e9but de la prochaine session. <\/p>\n\n\n\n<h2 class=\"wp-block-heading\">Comment puis-je vous contacter ?<\/h2>\n\n\n\n<p>C'est simple, utilisez mon formulaire de contact pour demander votre premi\u00e8re s\u00e9ance gratuite :<\/p>\n\n\n\n<div class=\"wp-block-buttons is-layout-flex wp-block-buttons-is-layout-flex\">\n<div class=\"wp-block-button aligncenter\"><a class=\"wp-block-button__link wp-element-button\" href=\"https:\/\/vitalmeaning.com\/fr\/contacter\/\">Contactez-moi<\/a><\/div>\n<\/div>","protected":false},"excerpt":{"rendered":"<p>What will I get from this coaching? With me, you get a dedicated 1:1 coach, who listens to your life situation, and works with you on your subconscious mind to align your life goals around living the beautiful life you deserve. The subconscious can be a powerful ally, or can hold you back with old [&hellip;]<\/p>\n","protected":false},"author":2,"featured_media":0,"parent":0,"menu_order":0,"comment_status":"closed","ping_status":"closed","template":"","meta":{"_uag_custom_page_level_css":"","site-sidebar-layout":"default","site-content-layout":"","ast-site-content-layout":"default","site-content-style":"default","site-sidebar-style":"default","ast-global-header-display":"","ast-banner-title-visibility":"","ast-main-header-display":"","ast-hfb-above-header-display":"","ast-hfb-below-header-display":"","ast-hfb-mobile-header-display":"","site-post-title":"","ast-breadcrumbs-content":"","ast-featured-img":"","footer-sml-layout":"","theme-transparent-header-meta":"","adv-header-id-meta":"","stick-header-meta":"","header-above-stick-meta":"","header-main-stick-meta":"","header-below-stick-meta":"","astra-migrate-meta-layouts":"default","ast-page-background-enabled":"default","ast-page-background-meta":{"desktop":{"background-color":"var(--ast-global-color-4)","background-image":"","background-repeat":"repeat","background-position":"center center","background-size":"auto","background-attachment":"scroll","background-type":"","background-media":"","overlay-type":"","overlay-color":"","overlay-opacity":"","overlay-gradient":""},"tablet":{"background-color":"","background-image":"","background-repeat":"repeat","background-position":"center center","background-size":"auto","background-attachment":"scroll","background-type":"","background-media":"","overlay-type":"","overlay-color":"","overlay-opacity":"","overlay-gradient":""},"mobile":{"background-color":"","background-image":"","background-repeat":"repeat","background-position":"center center","background-size":"auto","background-attachment":"scroll","background-type":"","background-media":"","overlay-type":"","overlay-color":"","overlay-opacity":"","overlay-gradient":""}},"ast-content-background-meta":{"desktop":{"background-color":"var(--ast-global-color-5)","background-image":"","background-repeat":"repeat","background-position":"center center","background-size":"auto","background-attachment":"scroll","background-type":"","background-media":"","overlay-type":"","overlay-color":"","overlay-opacity":"","overlay-gradient":""},"tablet":{"background-color":"var(--ast-global-color-5)","background-image":"","background-repeat":"repeat","background-position":"center center","background-size":"auto","background-attachment":"scroll","background-type":"","background-media":"","overlay-type":"","overlay-color":"","overlay-opacity":"","overlay-gradient":""},"mobile":{"background-color":"var(--ast-global-color-5)","background-image":"","background-repeat":"repeat","background-position":"center center","background-size":"auto","background-attachment":"scroll","background-type":"","background-media":"","overlay-type":"","overlay-color":"","overlay-opacity":"","overlay-gradient":""}},"footnotes":""},"class_list":["post-275","page","type-page","status-publish","hentry"],"yoast_head":"<!-- This site is optimized with the Yoast SEO plugin v27.0 - https:\/\/yoast.com\/product\/yoast-seo-wordpress\/ -->\n<title>Professional Coaching Services - VitalMeaning<\/title>\n<meta name=\"description\" content=\"The subconscious can be a powerful ally, or can hold you back with old outdated programming (scarcity thinking, fears around relationships). All these things were justified at some point in the past. As a human being, you go through many tough and challenging situations in life - and react accordingly, in order to protect yourself. As you grow up, this protection stops being useful - instead it costs increasingly more to carry this armour around with you.\" \/>\n<meta name=\"robots\" content=\"index, follow, max-snippet:-1, max-image-preview:large, max-video-preview:-1\" \/>\n<link rel=\"canonical\" href=\"https:\/\/vitalmeaning.com\/fr\/services-de-coaching-professionnel\/\" \/>\n<meta property=\"og:locale\" content=\"fr_FR\" \/>\n<meta property=\"og:type\" content=\"article\" \/>\n<meta property=\"og:title\" content=\"Professional Coaching Services - VitalMeaning\" \/>\n<meta property=\"og:description\" content=\"The subconscious can be a powerful ally, or can hold you back with old outdated programming (scarcity thinking, fears around relationships). All these things were justified at some point in the past. As a human being, you go through many tough and challenging situations in life - and react accordingly, in order to protect yourself. As you grow up, this protection stops being useful - instead it costs increasingly more to carry this armour around with you.\" \/>\n<meta property=\"og:url\" content=\"https:\/\/vitalmeaning.com\/fr\/services-de-coaching-professionnel\/\" \/>\n<meta property=\"og:site_name\" content=\"VitalMeaning\" \/>\n<meta property=\"article:modified_time\" content=\"2023-03-05T07:04:22+00:00\" \/>\n<meta property=\"og:image\" content=\"https:\/\/vitalmeaning.com\/wp-content\/uploads\/2023\/03\/6.95-mauer-schwarz-1--683x1024.jpeg\" \/>\n<meta name=\"twitter:card\" content=\"summary_large_image\" \/>\n<meta name=\"twitter:label1\" content=\"Dur\u00e9e de lecture estim\u00e9e\" \/>\n\t<meta name=\"twitter:data1\" content=\"5 minutes\" \/>\n<script type=\"application\/ld+json\" class=\"yoast-schema-graph\">{\"@context\":\"https:\/\/schema.org\",\"@graph\":[{\"@type\":\"WebPage\",\"@id\":\"https:\/\/vitalmeaning.com\/professional-coaching-services\/\",\"url\":\"https:\/\/vitalmeaning.com\/professional-coaching-services\/\",\"name\":\"Professional Coaching Services - VitalMeaning\",\"isPartOf\":{\"@id\":\"https:\/\/vitalmeaning.com\/#website\"},\"primaryImageOfPage\":{\"@id\":\"https:\/\/vitalmeaning.com\/professional-coaching-services\/#primaryimage\"},\"image\":{\"@id\":\"https:\/\/vitalmeaning.com\/professional-coaching-services\/#primaryimage\"},\"thumbnailUrl\":\"https:\/\/vitalmeaning.com\/wp-content\/uploads\/2023\/03\/6.95-mauer-schwarz-1--683x1024.jpeg\",\"datePublished\":\"2022-12-20T20:25:50+00:00\",\"dateModified\":\"2023-03-05T07:04:22+00:00\",\"description\":\"The subconscious can be a powerful ally, or can hold you back with old outdated programming (scarcity thinking, fears around relationships). All these things were justified at some point in the past. As a human being, you go through many tough and challenging situations in life - and react accordingly, in order to protect yourself. As you grow up, this protection stops being useful - instead it costs increasingly more to carry this armour around with you.\",\"breadcrumb\":{\"@id\":\"https:\/\/vitalmeaning.com\/professional-coaching-services\/#breadcrumb\"},\"inLanguage\":\"fr-FR\",\"potentialAction\":[{\"@type\":\"ReadAction\",\"target\":[\"https:\/\/vitalmeaning.com\/professional-coaching-services\/\"]}]},{\"@type\":\"ImageObject\",\"inLanguage\":\"fr-FR\",\"@id\":\"https:\/\/vitalmeaning.com\/professional-coaching-services\/#primaryimage\",\"url\":\"https:\/\/vitalmeaning.com\/wp-content\/uploads\/2023\/03\/6.95-mauer-schwarz-1--683x1024.jpeg\",\"contentUrl\":\"https:\/\/vitalmeaning.com\/wp-content\/uploads\/2023\/03\/6.95-mauer-schwarz-1--683x1024.jpeg\"},{\"@type\":\"BreadcrumbList\",\"@id\":\"https:\/\/vitalmeaning.com\/professional-coaching-services\/#breadcrumb\",\"itemListElement\":[{\"@type\":\"ListItem\",\"position\":1,\"name\":\"Home\",\"item\":\"https:\/\/vitalmeaning.com\/\"},{\"@type\":\"ListItem\",\"position\":2,\"name\":\"Professional Coaching Services\"}]},{\"@type\":\"WebSite\",\"@id\":\"https:\/\/vitalmeaning.com\/#website\",\"url\":\"https:\/\/vitalmeaning.com\/\",\"name\":\"VitalMeaning\",\"description\":\"my self development journey\",\"potentialAction\":[{\"@type\":\"SearchAction\",\"target\":{\"@type\":\"EntryPoint\",\"urlTemplate\":\"https:\/\/vitalmeaning.com\/?s={search_term_string}\"},\"query-input\":{\"@type\":\"PropertyValueSpecification\",\"valueRequired\":true,\"valueName\":\"search_term_string\"}}],\"inLanguage\":\"fr-FR\"}]}<\/script>\n<!-- \/ Yoast SEO plugin. -->","yoast_head_json":{"title":"Services de coaching professionnel - VitalMeaning","description":"Le subconscient peut \u00eatre un alli\u00e9 puissant, ou peut vous retenir avec de vieilles programmations d\u00e9pass\u00e9es (pens\u00e9e de p\u00e9nurie, peurs autour des relations). Toutes ces choses \u00e9taient justifi\u00e9es \u00e0 un moment donn\u00e9 dans le pass\u00e9. En tant qu'\u00eatre humain, vous traversez de nombreuses situations difficiles dans la vie - et vous r\u00e9agissez en cons\u00e9quence, afin de vous prot\u00e9ger. Au fur et \u00e0 mesure que vous grandissez, cette protection cesse d'\u00eatre utile - au contraire, il vous en co\u00fbte de plus en plus cher de porter cette armure sur vous.","robots":{"index":"index","follow":"follow","max-snippet":"max-snippet:-1","max-image-preview":"max-image-preview:large","max-video-preview":"max-video-preview:-1"},"canonical":"https:\/\/vitalmeaning.com\/fr\/services-de-coaching-professionnel\/","og_locale":"fr_FR","og_type":"article","og_title":"Professional Coaching Services - VitalMeaning","og_description":"The subconscious can be a powerful ally, or can hold you back with old outdated programming (scarcity thinking, fears around relationships). All these things were justified at some point in the past. As a human being, you go through many tough and challenging situations in life - and react accordingly, in order to protect yourself. As you grow up, this protection stops being useful - instead it costs increasingly more to carry this armour around with you.","og_url":"https:\/\/vitalmeaning.com\/fr\/services-de-coaching-professionnel\/","og_site_name":"VitalMeaning","article_modified_time":"2023-03-05T07:04:22+00:00","og_image":[{"url":"https:\/\/vitalmeaning.com\/wp-content\/uploads\/2023\/03\/6.95-mauer-schwarz-1--683x1024.jpeg","type":"","width":"","height":""}],"twitter_card":"summary_large_image","twitter_misc":{"Dur\u00e9e de lecture estim\u00e9e":"5 minutes"},"schema":{"@context":"https:\/\/schema.org","@graph":[{"@type":"WebPage","@id":"https:\/\/vitalmeaning.com\/professional-coaching-services\/","url":"https:\/\/vitalmeaning.com\/professional-coaching-services\/","name":"Services de coaching professionnel - VitalMeaning","isPartOf":{"@id":"https:\/\/vitalmeaning.com\/#website"},"primaryImageOfPage":{"@id":"https:\/\/vitalmeaning.com\/professional-coaching-services\/#primaryimage"},"image":{"@id":"https:\/\/vitalmeaning.com\/professional-coaching-services\/#primaryimage"},"thumbnailUrl":"https:\/\/vitalmeaning.com\/wp-content\/uploads\/2023\/03\/6.95-mauer-schwarz-1--683x1024.jpeg","datePublished":"2022-12-20T20:25:50+00:00","dateModified":"2023-03-05T07:04:22+00:00","description":"Le subconscient peut \u00eatre un alli\u00e9 puissant, ou peut vous retenir avec de vieilles programmations d\u00e9pass\u00e9es (pens\u00e9e de p\u00e9nurie, peurs autour des relations). Toutes ces choses \u00e9taient justifi\u00e9es \u00e0 un moment donn\u00e9 dans le pass\u00e9. En tant qu'\u00eatre humain, vous traversez de nombreuses situations difficiles dans la vie - et vous r\u00e9agissez en cons\u00e9quence, afin de vous prot\u00e9ger. Au fur et \u00e0 mesure que vous grandissez, cette protection cesse d'\u00eatre utile - au contraire, il vous en co\u00fbte de plus en plus cher de porter cette armure sur vous.","breadcrumb":{"@id":"https:\/\/vitalmeaning.com\/professional-coaching-services\/#breadcrumb"},"inLanguage":"fr-FR","potentialAction":[{"@type":"ReadAction","target":["https:\/\/vitalmeaning.com\/professional-coaching-services\/"]}]},{"@type":"ImageObject","inLanguage":"fr-FR","@id":"https:\/\/vitalmeaning.com\/professional-coaching-services\/#primaryimage","url":"https:\/\/vitalmeaning.com\/wp-content\/uploads\/2023\/03\/6.95-mauer-schwarz-1--683x1024.jpeg","contentUrl":"https:\/\/vitalmeaning.com\/wp-content\/uploads\/2023\/03\/6.95-mauer-schwarz-1--683x1024.jpeg"},{"@type":"BreadcrumbList","@id":"https:\/\/vitalmeaning.com\/professional-coaching-services\/#breadcrumb","itemListElement":[{"@type":"ListItem","position":1,"name":"Home","item":"https:\/\/vitalmeaning.com\/"},{"@type":"ListItem","position":2,"name":"Professional Coaching Services"}]},{"@type":"WebSite","@id":"https:\/\/vitalmeaning.com\/#website","url":"https:\/\/vitalmeaning.com\/","name":"VitalMeaning","description":"mon parcours de d\u00e9veloppement personnel","potentialAction":[{"@type":"SearchAction","target":{"@type":"EntryPoint","urlTemplate":"https:\/\/vitalmeaning.com\/?s={search_term_string}"},"query-input":{"@type":"PropertyValueSpecification","valueRequired":true,"valueName":"search_term_string"}}],"inLanguage":"fr-FR"}]}},"uagb_featured_image_src":{"full":false,"thumbnail":false,"medium":false,"medium_large":false,"large":false,"1536x1536":false,"2048x2048":false,"trp-custom-language-flag":false},"uagb_author_info":{"display_name":"Max","author_link":"https:\/\/vitalmeaning.com\/fr\/author\/max\/"},"uagb_comment_info":0,"uagb_excerpt":"What will I get from this coaching? With me, you get a dedicated 1:1 coach, who listens to your life situation, and works with you on your subconscious mind to align your life goals around living the beautiful life you deserve. The subconscious can be a powerful ally, or can hold you back with old\u2026","_links":{"self":[{"href":"https:\/\/vitalmeaning.com\/fr\/wp-json\/wp\/v2\/pages\/275","targetHints":{"allow":["GET"]}}],"collection":[{"href":"https:\/\/vitalmeaning.com\/fr\/wp-json\/wp\/v2\/pages"}],"about":[{"href":"https:\/\/vitalmeaning.com\/fr\/wp-json\/wp\/v2\/types\/page"}],"author":[{"embeddable":true,"href":"https:\/\/vitalmeaning.com\/fr\/wp-json\/wp\/v2\/users\/2"}],"replies":[{"embeddable":true,"href":"https:\/\/vitalmeaning.com\/fr\/wp-json\/wp\/v2\/comments?post=275"}],"version-history":[{"count":3,"href":"https:\/\/vitalmeaning.com\/fr\/wp-json\/wp\/v2\/pages\/275\/revisions"}],"predecessor-version":[{"id":358,"href":"https:\/\/vitalmeaning.com\/fr\/wp-json\/wp\/v2\/pages\/275\/revisions\/358"}],"wp:attachment":[{"href":"https:\/\/vitalmeaning.com\/fr\/wp-json\/wp\/v2\/media?parent=275"}],"curies":[{"name":"wp","href":"https:\/\/api.w.org\/{rel}","templated":true}]}}