{"id":275,"date":"2022-12-20T20:25:50","date_gmt":"2022-12-20T20:25:50","guid":{"rendered":"https:\/\/vitalmeaning.com\/?page_id=275"},"modified":"2023-03-05T07:04:22","modified_gmt":"2023-03-05T07:04:22","slug":"professionella-coaching-tjanster","status":"publish","type":"page","link":"https:\/\/vitalmeaning.com\/sv\/professionella-coaching-tjanster\/","title":{"rendered":"Professionella coachningstj\u00e4nster"},"content":{"rendered":"<h2 class=\"wp-block-heading\">Vad f\u00e5r jag ut av den h\u00e4r coachningen?<\/h2>\n\n\n\n<p>Med mig f\u00e5r du en dedikerad 1:1 coach som lyssnar p\u00e5 din livssituation och arbetar tillsammans med dig p\u00e5 ditt undermedvetna sinne f\u00f6r att anpassa dina livsm\u00e5l s\u00e5 att du kan leva det vackra liv du f\u00f6rtj\u00e4nar. <\/p>\n\n\n\n<p>Det undermedvetna kan vara en kraftfull bundsf\u00f6rvant eller h\u00e5lla dig tillbaka med gammal f\u00f6r\u00e5ldrad programmering (knapphetst\u00e4nkande, r\u00e4dsla f\u00f6r relationer). Alla dessa saker var ber\u00e4ttigade n\u00e5gon g\u00e5ng i det f\u00f6rflutna. Som m\u00e4nniska g\u00e5r du igenom m\u00e5nga tuffa och utmanande situationer i livet - och reagerar d\u00e4refter f\u00f6r att skydda dig sj\u00e4lv. N\u00e4r du v\u00e4xer upp slutar detta skydd att vara anv\u00e4ndbart - i st\u00e4llet kostar det allt mer att b\u00e4ra med sig denna rustning. <\/p>\n\n\n\n<p>\u00c4r du blyg i dejtingsituationer? Misslyckas dina relationer - i ditt personliga dejtingliv, men ocks\u00e5 i aff\u00e4rslivet? Upplever du att du saboterar dig sj\u00e4lv? <\/p>\n\n\n\n<p>I den h\u00e4r bloggen kan jag visa dig v\u00e4gen - och mycket g\u00e5r att uppn\u00e5 genom att arbeta med sig sj\u00e4lv, n\u00e4r man \u00e4r motiverad och engagerad. Om du letar efter n\u00e5gon som har g\u00e5tt den h\u00e4r v\u00e4gen tidigare, n\u00e5gon som kan peka p\u00e5 fallgropar och st\u00f6dja dig p\u00e5 denna resa, fundera p\u00e5 om mina tj\u00e4nster kan passa dig.  <\/p>\n\n\n\n<h2 class=\"wp-block-heading\">Vem \u00e4r tr\u00e4naren?<\/h2>\n\n\n\n<figure class=\"wp-block-gallery has-nested-images columns-default is-cropped wp-block-gallery-1 is-layout-flex wp-block-gallery-is-layout-flex\">\n<figure class=\"wp-block-image size-large\"><img loading=\"lazy\" decoding=\"async\" width=\"683\" height=\"1024\" data-id=\"352\" src=\"https:\/\/vitalmeaning.com\/wp-content\/uploads\/2023\/03\/6.95-mauer-schwarz-1--683x1024.jpeg\" alt=\"\" class=\"wp-image-352\" srcset=\"https:\/\/vitalmeaning.com\/wp-content\/uploads\/2023\/03\/6.95-mauer-schwarz-1--683x1024.jpeg 683w, https:\/\/vitalmeaning.com\/wp-content\/uploads\/2023\/03\/6.95-mauer-schwarz-1--200x300.jpeg 200w, https:\/\/vitalmeaning.com\/wp-content\/uploads\/2023\/03\/6.95-mauer-schwarz-1--768x1152.jpeg 768w, https:\/\/vitalmeaning.com\/wp-content\/uploads\/2023\/03\/6.95-mauer-schwarz-1--1024x1536.jpeg 1024w, https:\/\/vitalmeaning.com\/wp-content\/uploads\/2023\/03\/6.95-mauer-schwarz-1--1365x2048.jpeg 1365w, https:\/\/vitalmeaning.com\/wp-content\/uploads\/2023\/03\/6.95-mauer-schwarz-1--8x12.jpeg 8w, https:\/\/vitalmeaning.com\/wp-content\/uploads\/2023\/03\/6.95-mauer-schwarz-1--scaled.jpeg 1707w\" sizes=\"auto, (max-width: 683px) 100vw, 683px\" \/><\/figure>\n\n\n\n<figure class=\"wp-block-image size-large\"><img loading=\"lazy\" decoding=\"async\" width=\"683\" height=\"1024\" data-id=\"355\" src=\"https:\/\/vitalmeaning.com\/wp-content\/uploads\/2023\/03\/5.89-lehneamcounter-683x1024.jpeg\" alt=\"\" class=\"wp-image-355\" srcset=\"https:\/\/vitalmeaning.com\/wp-content\/uploads\/2023\/03\/5.89-lehneamcounter-683x1024.jpeg 683w, https:\/\/vitalmeaning.com\/wp-content\/uploads\/2023\/03\/5.89-lehneamcounter-200x300.jpeg 200w, https:\/\/vitalmeaning.com\/wp-content\/uploads\/2023\/03\/5.89-lehneamcounter-768x1152.jpeg 768w, https:\/\/vitalmeaning.com\/wp-content\/uploads\/2023\/03\/5.89-lehneamcounter-1024x1536.jpeg 1024w, https:\/\/vitalmeaning.com\/wp-content\/uploads\/2023\/03\/5.89-lehneamcounter-1365x2048.jpeg 1365w, https:\/\/vitalmeaning.com\/wp-content\/uploads\/2023\/03\/5.89-lehneamcounter-8x12.jpeg 8w, https:\/\/vitalmeaning.com\/wp-content\/uploads\/2023\/03\/5.89-lehneamcounter-scaled.jpeg 1707w\" sizes=\"auto, (max-width: 683px) 100vw, 683px\" \/><\/figure>\n\n\n\n<figure class=\"wp-block-image size-large\"><img loading=\"lazy\" decoding=\"async\" width=\"740\" height=\"1024\" data-id=\"356\" src=\"https:\/\/vitalmeaning.com\/wp-content\/uploads\/2023\/03\/6.87-anzug-740x1024.jpeg\" alt=\"\" class=\"wp-image-356\" srcset=\"https:\/\/vitalmeaning.com\/wp-content\/uploads\/2023\/03\/6.87-anzug-740x1024.jpeg 740w, https:\/\/vitalmeaning.com\/wp-content\/uploads\/2023\/03\/6.87-anzug-217x300.jpeg 217w, https:\/\/vitalmeaning.com\/wp-content\/uploads\/2023\/03\/6.87-anzug-768x1063.jpeg 768w, https:\/\/vitalmeaning.com\/wp-content\/uploads\/2023\/03\/6.87-anzug-1109x1536.jpeg 1109w, https:\/\/vitalmeaning.com\/wp-content\/uploads\/2023\/03\/6.87-anzug-9x12.jpeg 9w, https:\/\/vitalmeaning.com\/wp-content\/uploads\/2023\/03\/6.87-anzug.jpeg 1479w\" sizes=\"auto, (max-width: 740px) 100vw, 740px\" \/><\/figure>\n<\/figure>\n\n\n\n<p>Jag heter Max - en 39-\u00e5rig man fr\u00e5n Tyskland. Som du s\u00e4kert kan se talar jag flytande engelska - och dessutom tyska och ryska. Jag blev intresserad av anknytningsstilar och det undermedvetna sinnet p\u00e5 grund av att jag s\u00e5g starka m\u00f6nster av sj\u00e4lvsabotage fr\u00e5n min sida - jagade otillg\u00e4ngliga kvinnor och avvisade kvinnor som var intresserade av mig. Under de senaste fyra \u00e5ren har jag framg\u00e5ngsrikt arbetat med mig sj\u00e4lv. Mitt liv har f\u00f6r\u00e4ndrats dramatiskt - numera \u00e4r jag mycket mer sj\u00e4lvs\u00e4ker, hanterar stressiga situationer mycket l\u00e4ttare och hyser inget agg l\u00e4ngre. Jag driver ett framg\u00e5ngsrikt f\u00f6retag som oms\u00e4tter 4 miljoner euro per \u00e5r - och tar betalt f\u00f6r mina konsulttj\u00e4nster i enlighet med detta.  <\/p>\n\n\n\n<p>Jag har en IAT-certifiering fr\u00e5n <a href=\"https:\/\/university.personaldevelopmentschool.com\/\">Skola f\u00f6r personlig utveckling<\/a>, och en l\u00e4karexamen fr\u00e5n LMU-universitetet i M\u00fcnchen, Tyskland. <\/p>\n\n\n\n<p>F\u00f6rest\u00e4ll dig hur ditt liv kan se ut om fyra \u00e5r om du b\u00f6rjar arbeta med dig sj\u00e4lv idag. Varje dag \u00e4r en ny g\u00e5va till dig!<\/p>\n\n\n\n<h2 class=\"wp-block-heading\">Hur mycket kostar det?<\/h2>\n\n\n\n<p><strong>Den f\u00f6rsta sessionen \u00e4r gratis,<\/strong> l\u00e4ra k\u00e4nna mig och de IAT-metoder (Integrated attachment theory) som jag anv\u00e4nder (utvecklade av thail\u00e4ndska Gibson). <a href=\"https:\/\/university.personaldevelopmentschool.com\/\">och hennes skola f\u00f6r personlig utveckling<\/a>).<\/p>\n\n\n\n<p>D\u00e4refter debiterar jag <strong>350 USD per timme<\/strong>. Ett typiskt sammantr\u00e4de kan vara f\u00f6ljande <strong>1 1\/2 timme <\/strong>(kan justeras enligt dina \u00f6nskem\u00e5l), och skulle s\u00e5ledes kosta <strong>525 USD<\/strong>. <\/p>\n\n\n\n<p>Jag rekommenderar att du bokar cirka 12 sessioner. Om du betalar f\u00f6r alla 12 sessioner i f\u00f6rv\u00e4g s\u00e4nker jag timpriset till 300 USD per timme - s\u00e5 varje session kostar 425 USD, och det totala blocket p\u00e5 12 sessioner x 1,5 timmar x 300 USD blir 425 USD. <strong>5400 USD<\/strong>. (Inklusive rabatt p\u00e5 f\u00f6rskottsbetalning)<\/p>\n\n\n\n<p>Jag erbjuder dessa coachningstj\u00e4nster eftersom jag \u00e4r genuint intresserad av m\u00e4nniskor och vill f\u00f6rmedla mina kunskaper. P\u00e5 grund av att jag driver en framg\u00e5ngsrik huvudverksamhet m\u00e5ste jag ta betalt p\u00e5 dessa niv\u00e5er f\u00f6r att r\u00e4ttf\u00e4rdiga tidsinvesteringen fr\u00e5n min sida. Om mina priser inte passar dig, uppmanar jag dig att titta p\u00e5 resten av blogginl\u00e4ggen h\u00e4r d\u00e4r jag kommer att dela med mig av mer om det undermedvetna sinnet, och <a href=\"https:\/\/university.personaldevelopmentschool.com\/\">att eventuellt \u00f6verv\u00e4ga att g\u00e5 med i skolan f\u00f6r personlig utveckling<\/a>. Det inneh\u00e5ll som Thais levererar (\"gyllene guldklimpar\") \u00e4r v\u00e4rt s\u00e5 mycket mer \u00e4n de priser f\u00f6r m\u00e5nadsabonnemang eller livsl\u00e5ngt medlemskap som hon beg\u00e4r.  <\/p>\n\n\n\n<p>Det finns \u00e4ven andra IAT-coacher - jag kommer att sammanst\u00e4lla en lista \u00f6ver dem p\u00e5 denna webbplats.  M\u00e5nga av dem kommer att ta ut l\u00e4gre timpriser \u00e4n jag. <\/p>\n\n\n\n<h2 class=\"wp-block-heading\">Finns det n\u00e5gra garantier?<\/h2>\n\n\n\n<p>Visst - jag str\u00e4var efter att erbjuda tj\u00e4nster av h\u00f6g kvalitet och vill att du ska vara n\u00f6jd och k\u00e4nna att de verkligen p\u00e5verkar ditt liv. <\/p>\n\n\n\n<p>Jag erbjuder det f\u00f6rsta m\u00f6tet gratis, s\u00e5 att du kan se om mina tj\u00e4nster och min coachingstil passar dig.<\/p>\n\n\n\n<p>Om du bokar 12 sessioner i f\u00f6rv\u00e4g (efter den f\u00f6rsta kostnadsfria sessionen) och betalar i f\u00f6rskott, och beslutar dig f\u00f6r att avbryta n\u00e5gon g\u00e5ng, kommer jag att \u00e5terbetala de sessioner som du \u00e4nnu inte har anv\u00e4nt.  Inga f\u00f6rbeh\u00e5ll!<\/p>\n\n\n\n<p>Jag erbjuder ocks\u00e5 <strong>halva priset tillbaka <\/strong>om du inte var n\u00f6jd och ge mig feedback i b\u00f6rjan av n\u00e4sta session.<\/p>\n\n\n\n<h2 class=\"wp-block-heading\">Erbjuder ni rabatter?<\/h2>\n\n\n\n<p>F\u00f6r mig handlar det inte om pengar - det handlar om min tid. Jag tycker inte heller att det borde handla om pengar f\u00f6r dig - det finns m\u00e5nga s\u00e4tt att skaffa sig de f\u00e4rdigheter som jag tr\u00e4nar - en del av dem \u00e4r helt gratis, som att l\u00e4sa den h\u00e4r bloggen. Andra coacher kanske passar b\u00e4ttre f\u00f6r dig om du har en liten budget.<\/p>\n\n\n\n<p>Jag erbjuder en rabatt om du betalar 12 sessioner i f\u00f6rskott - <strong>5400 USD<\/strong> i st\u00e4llet f\u00f6r <strong>6300 USD<\/strong> fullt pris. Jag erbjuder en full pengarna tillbaka-garanti p\u00e5 alla sessioner som \u00e4r f\u00f6rbetalda men \u00e4nnu inte anv\u00e4nda, och erbjuder 1\/2 pengar tillbaka p\u00e5 den senaste sessionen om du var missn\u00f6jd med den, och meddelade i b\u00f6rjan av n\u00e4sta session. <\/p>\n\n\n\n<h2 class=\"wp-block-heading\">Hur kan jag komma i kontakt med dig?<\/h2>\n\n\n\n<p>Enkelt, anv\u00e4nd mitt kontaktformul\u00e4r f\u00f6r att ta kontakt och be om din f\u00f6rsta kostnadsfria session:<\/p>\n\n\n\n<div class=\"wp-block-buttons is-layout-flex wp-block-buttons-is-layout-flex\">\n<div class=\"wp-block-button aligncenter\"><a class=\"wp-block-button__link wp-element-button\" href=\"https:\/\/vitalmeaning.com\/sv\/kontakta\/\">Kontakta mig<\/a><\/div>\n<\/div>","protected":false},"excerpt":{"rendered":"<p>What will I get from this coaching? With me, you get a dedicated 1:1 coach, who listens to your life situation, and works with you on your subconscious mind to align your life goals around living the beautiful life you deserve. The subconscious can be a powerful ally, or can hold you back with old [&hellip;]<\/p>\n","protected":false},"author":2,"featured_media":0,"parent":0,"menu_order":0,"comment_status":"closed","ping_status":"closed","template":"","meta":{"_uag_custom_page_level_css":"","site-sidebar-layout":"default","site-content-layout":"","ast-site-content-layout":"default","site-content-style":"default","site-sidebar-style":"default","ast-global-header-display":"","ast-banner-title-visibility":"","ast-main-header-display":"","ast-hfb-above-header-display":"","ast-hfb-below-header-display":"","ast-hfb-mobile-header-display":"","site-post-title":"","ast-breadcrumbs-content":"","ast-featured-img":"","footer-sml-layout":"","theme-transparent-header-meta":"","adv-header-id-meta":"","stick-header-meta":"","header-above-stick-meta":"","header-main-stick-meta":"","header-below-stick-meta":"","astra-migrate-meta-layouts":"default","ast-page-background-enabled":"default","ast-page-background-meta":{"desktop":{"background-color":"var(--ast-global-color-4)","background-image":"","background-repeat":"repeat","background-position":"center center","background-size":"auto","background-attachment":"scroll","background-type":"","background-media":"","overlay-type":"","overlay-color":"","overlay-opacity":"","overlay-gradient":""},"tablet":{"background-color":"","background-image":"","background-repeat":"repeat","background-position":"center center","background-size":"auto","background-attachment":"scroll","background-type":"","background-media":"","overlay-type":"","overlay-color":"","overlay-opacity":"","overlay-gradient":""},"mobile":{"background-color":"","background-image":"","background-repeat":"repeat","background-position":"center center","background-size":"auto","background-attachment":"scroll","background-type":"","background-media":"","overlay-type":"","overlay-color":"","overlay-opacity":"","overlay-gradient":""}},"ast-content-background-meta":{"desktop":{"background-color":"var(--ast-global-color-5)","background-image":"","background-repeat":"repeat","background-position":"center center","background-size":"auto","background-attachment":"scroll","background-type":"","background-media":"","overlay-type":"","overlay-color":"","overlay-opacity":"","overlay-gradient":""},"tablet":{"background-color":"var(--ast-global-color-5)","background-image":"","background-repeat":"repeat","background-position":"center center","background-size":"auto","background-attachment":"scroll","background-type":"","background-media":"","overlay-type":"","overlay-color":"","overlay-opacity":"","overlay-gradient":""},"mobile":{"background-color":"var(--ast-global-color-5)","background-image":"","background-repeat":"repeat","background-position":"center center","background-size":"auto","background-attachment":"scroll","background-type":"","background-media":"","overlay-type":"","overlay-color":"","overlay-opacity":"","overlay-gradient":""}},"footnotes":""},"class_list":["post-275","page","type-page","status-publish","hentry"],"yoast_head":"<!-- This site is optimized with the Yoast SEO plugin v27.0 - https:\/\/yoast.com\/product\/yoast-seo-wordpress\/ -->\n<title>Professional Coaching Services - VitalMeaning<\/title>\n<meta name=\"description\" content=\"The subconscious can be a powerful ally, or can hold you back with old outdated programming (scarcity thinking, fears around relationships). All these things were justified at some point in the past. As a human being, you go through many tough and challenging situations in life - and react accordingly, in order to protect yourself. As you grow up, this protection stops being useful - instead it costs increasingly more to carry this armour around with you.\" \/>\n<meta name=\"robots\" content=\"index, follow, max-snippet:-1, max-image-preview:large, max-video-preview:-1\" \/>\n<link rel=\"canonical\" href=\"https:\/\/vitalmeaning.com\/sv\/professionella-coaching-tjanster\/\" \/>\n<meta property=\"og:locale\" content=\"sv_SE\" \/>\n<meta property=\"og:type\" content=\"article\" \/>\n<meta property=\"og:title\" content=\"Professional Coaching Services - VitalMeaning\" \/>\n<meta property=\"og:description\" content=\"The subconscious can be a powerful ally, or can hold you back with old outdated programming (scarcity thinking, fears around relationships). All these things were justified at some point in the past. As a human being, you go through many tough and challenging situations in life - and react accordingly, in order to protect yourself. As you grow up, this protection stops being useful - instead it costs increasingly more to carry this armour around with you.\" \/>\n<meta property=\"og:url\" content=\"https:\/\/vitalmeaning.com\/sv\/professionella-coaching-tjanster\/\" \/>\n<meta property=\"og:site_name\" content=\"VitalMeaning\" \/>\n<meta property=\"article:modified_time\" content=\"2023-03-05T07:04:22+00:00\" \/>\n<meta property=\"og:image\" content=\"https:\/\/vitalmeaning.com\/wp-content\/uploads\/2023\/03\/6.95-mauer-schwarz-1--683x1024.jpeg\" \/>\n<meta name=\"twitter:card\" content=\"summary_large_image\" \/>\n<meta name=\"twitter:label1\" content=\"Ber\u00e4knad l\u00e4stid\" \/>\n\t<meta name=\"twitter:data1\" content=\"5 minuter\" \/>\n<script type=\"application\/ld+json\" class=\"yoast-schema-graph\">{\"@context\":\"https:\/\/schema.org\",\"@graph\":[{\"@type\":\"WebPage\",\"@id\":\"https:\/\/vitalmeaning.com\/professional-coaching-services\/\",\"url\":\"https:\/\/vitalmeaning.com\/professional-coaching-services\/\",\"name\":\"Professional Coaching Services - VitalMeaning\",\"isPartOf\":{\"@id\":\"https:\/\/vitalmeaning.com\/#website\"},\"primaryImageOfPage\":{\"@id\":\"https:\/\/vitalmeaning.com\/professional-coaching-services\/#primaryimage\"},\"image\":{\"@id\":\"https:\/\/vitalmeaning.com\/professional-coaching-services\/#primaryimage\"},\"thumbnailUrl\":\"https:\/\/vitalmeaning.com\/wp-content\/uploads\/2023\/03\/6.95-mauer-schwarz-1--683x1024.jpeg\",\"datePublished\":\"2022-12-20T20:25:50+00:00\",\"dateModified\":\"2023-03-05T07:04:22+00:00\",\"description\":\"The subconscious can be a powerful ally, or can hold you back with old outdated programming (scarcity thinking, fears around relationships). All these things were justified at some point in the past. As a human being, you go through many tough and challenging situations in life - and react accordingly, in order to protect yourself. As you grow up, this protection stops being useful - instead it costs increasingly more to carry this armour around with you.\",\"breadcrumb\":{\"@id\":\"https:\/\/vitalmeaning.com\/professional-coaching-services\/#breadcrumb\"},\"inLanguage\":\"sv-SE\",\"potentialAction\":[{\"@type\":\"ReadAction\",\"target\":[\"https:\/\/vitalmeaning.com\/professional-coaching-services\/\"]}]},{\"@type\":\"ImageObject\",\"inLanguage\":\"sv-SE\",\"@id\":\"https:\/\/vitalmeaning.com\/professional-coaching-services\/#primaryimage\",\"url\":\"https:\/\/vitalmeaning.com\/wp-content\/uploads\/2023\/03\/6.95-mauer-schwarz-1--683x1024.jpeg\",\"contentUrl\":\"https:\/\/vitalmeaning.com\/wp-content\/uploads\/2023\/03\/6.95-mauer-schwarz-1--683x1024.jpeg\"},{\"@type\":\"BreadcrumbList\",\"@id\":\"https:\/\/vitalmeaning.com\/professional-coaching-services\/#breadcrumb\",\"itemListElement\":[{\"@type\":\"ListItem\",\"position\":1,\"name\":\"Home\",\"item\":\"https:\/\/vitalmeaning.com\/\"},{\"@type\":\"ListItem\",\"position\":2,\"name\":\"Professional Coaching Services\"}]},{\"@type\":\"WebSite\",\"@id\":\"https:\/\/vitalmeaning.com\/#website\",\"url\":\"https:\/\/vitalmeaning.com\/\",\"name\":\"VitalMeaning\",\"description\":\"my self development journey\",\"potentialAction\":[{\"@type\":\"SearchAction\",\"target\":{\"@type\":\"EntryPoint\",\"urlTemplate\":\"https:\/\/vitalmeaning.com\/?s={search_term_string}\"},\"query-input\":{\"@type\":\"PropertyValueSpecification\",\"valueRequired\":true,\"valueName\":\"search_term_string\"}}],\"inLanguage\":\"sv-SE\"}]}<\/script>\n<!-- \/ Yoast SEO plugin. -->","yoast_head_json":{"title":"Professionella coachningstj\u00e4nster - VitalMeaning","description":"Det undermedvetna kan vara en kraftfull bundsf\u00f6rvant eller h\u00e5lla dig tillbaka med gammal f\u00f6r\u00e5ldrad programmering (knapphetst\u00e4nkande, r\u00e4dsla f\u00f6r relationer). Alla dessa saker var ber\u00e4ttigade n\u00e5gon g\u00e5ng i det f\u00f6rflutna. Som m\u00e4nniska g\u00e5r du igenom m\u00e5nga tuffa och utmanande situationer i livet - och reagerar d\u00e4refter f\u00f6r att skydda dig sj\u00e4lv. N\u00e4r du v\u00e4xer upp slutar detta skydd att vara anv\u00e4ndbart - i st\u00e4llet kostar det allt mer att b\u00e4ra med sig denna rustning.","robots":{"index":"index","follow":"follow","max-snippet":"max-snippet:-1","max-image-preview":"max-image-preview:large","max-video-preview":"max-video-preview:-1"},"canonical":"https:\/\/vitalmeaning.com\/sv\/professionella-coaching-tjanster\/","og_locale":"sv_SE","og_type":"article","og_title":"Professional Coaching Services - VitalMeaning","og_description":"The subconscious can be a powerful ally, or can hold you back with old outdated programming (scarcity thinking, fears around relationships). All these things were justified at some point in the past. As a human being, you go through many tough and challenging situations in life - and react accordingly, in order to protect yourself. As you grow up, this protection stops being useful - instead it costs increasingly more to carry this armour around with you.","og_url":"https:\/\/vitalmeaning.com\/sv\/professionella-coaching-tjanster\/","og_site_name":"VitalMeaning","article_modified_time":"2023-03-05T07:04:22+00:00","og_image":[{"url":"https:\/\/vitalmeaning.com\/wp-content\/uploads\/2023\/03\/6.95-mauer-schwarz-1--683x1024.jpeg","type":"","width":"","height":""}],"twitter_card":"summary_large_image","twitter_misc":{"Ber\u00e4knad l\u00e4stid":"5 minuter"},"schema":{"@context":"https:\/\/schema.org","@graph":[{"@type":"WebPage","@id":"https:\/\/vitalmeaning.com\/professional-coaching-services\/","url":"https:\/\/vitalmeaning.com\/professional-coaching-services\/","name":"Professionella coachningstj\u00e4nster - VitalMeaning","isPartOf":{"@id":"https:\/\/vitalmeaning.com\/#website"},"primaryImageOfPage":{"@id":"https:\/\/vitalmeaning.com\/professional-coaching-services\/#primaryimage"},"image":{"@id":"https:\/\/vitalmeaning.com\/professional-coaching-services\/#primaryimage"},"thumbnailUrl":"https:\/\/vitalmeaning.com\/wp-content\/uploads\/2023\/03\/6.95-mauer-schwarz-1--683x1024.jpeg","datePublished":"2022-12-20T20:25:50+00:00","dateModified":"2023-03-05T07:04:22+00:00","description":"Det undermedvetna kan vara en kraftfull bundsf\u00f6rvant eller h\u00e5lla dig tillbaka med gammal f\u00f6r\u00e5ldrad programmering (knapphetst\u00e4nkande, r\u00e4dsla f\u00f6r relationer). Alla dessa saker var ber\u00e4ttigade n\u00e5gon g\u00e5ng i det f\u00f6rflutna. Som m\u00e4nniska g\u00e5r du igenom m\u00e5nga tuffa och utmanande situationer i livet - och reagerar d\u00e4refter f\u00f6r att skydda dig sj\u00e4lv. N\u00e4r du v\u00e4xer upp slutar detta skydd att vara anv\u00e4ndbart - i st\u00e4llet kostar det allt mer att b\u00e4ra med sig denna rustning.","breadcrumb":{"@id":"https:\/\/vitalmeaning.com\/professional-coaching-services\/#breadcrumb"},"inLanguage":"sv-SE","potentialAction":[{"@type":"ReadAction","target":["https:\/\/vitalmeaning.com\/professional-coaching-services\/"]}]},{"@type":"ImageObject","inLanguage":"sv-SE","@id":"https:\/\/vitalmeaning.com\/professional-coaching-services\/#primaryimage","url":"https:\/\/vitalmeaning.com\/wp-content\/uploads\/2023\/03\/6.95-mauer-schwarz-1--683x1024.jpeg","contentUrl":"https:\/\/vitalmeaning.com\/wp-content\/uploads\/2023\/03\/6.95-mauer-schwarz-1--683x1024.jpeg"},{"@type":"BreadcrumbList","@id":"https:\/\/vitalmeaning.com\/professional-coaching-services\/#breadcrumb","itemListElement":[{"@type":"ListItem","position":1,"name":"Home","item":"https:\/\/vitalmeaning.com\/"},{"@type":"ListItem","position":2,"name":"Professional Coaching Services"}]},{"@type":"WebSite","@id":"https:\/\/vitalmeaning.com\/#website","url":"https:\/\/vitalmeaning.com\/","name":"VitalMeaning","description":"min resa f\u00f6r sj\u00e4lvutveckling","potentialAction":[{"@type":"SearchAction","target":{"@type":"EntryPoint","urlTemplate":"https:\/\/vitalmeaning.com\/?s={search_term_string}"},"query-input":{"@type":"PropertyValueSpecification","valueRequired":true,"valueName":"search_term_string"}}],"inLanguage":"sv-SE"}]}},"uagb_featured_image_src":{"full":false,"thumbnail":false,"medium":false,"medium_large":false,"large":false,"1536x1536":false,"2048x2048":false,"trp-custom-language-flag":false},"uagb_author_info":{"display_name":"Max","author_link":"https:\/\/vitalmeaning.com\/sv\/author\/max\/"},"uagb_comment_info":0,"uagb_excerpt":"What will I get from this coaching? With me, you get a dedicated 1:1 coach, who listens to your life situation, and works with you on your subconscious mind to align your life goals around living the beautiful life you deserve. The subconscious can be a powerful ally, or can hold you back with old&hellip;","_links":{"self":[{"href":"https:\/\/vitalmeaning.com\/sv\/wp-json\/wp\/v2\/pages\/275","targetHints":{"allow":["GET"]}}],"collection":[{"href":"https:\/\/vitalmeaning.com\/sv\/wp-json\/wp\/v2\/pages"}],"about":[{"href":"https:\/\/vitalmeaning.com\/sv\/wp-json\/wp\/v2\/types\/page"}],"author":[{"embeddable":true,"href":"https:\/\/vitalmeaning.com\/sv\/wp-json\/wp\/v2\/users\/2"}],"replies":[{"embeddable":true,"href":"https:\/\/vitalmeaning.com\/sv\/wp-json\/wp\/v2\/comments?post=275"}],"version-history":[{"count":3,"href":"https:\/\/vitalmeaning.com\/sv\/wp-json\/wp\/v2\/pages\/275\/revisions"}],"predecessor-version":[{"id":358,"href":"https:\/\/vitalmeaning.com\/sv\/wp-json\/wp\/v2\/pages\/275\/revisions\/358"}],"wp:attachment":[{"href":"https:\/\/vitalmeaning.com\/sv\/wp-json\/wp\/v2\/media?parent=275"}],"curies":[{"name":"wp","href":"https:\/\/api.w.org\/{rel}","templated":true}]}}