{"id":287,"date":"2023-01-01T03:45:19","date_gmt":"2023-01-01T03:45:19","guid":{"rendered":"https:\/\/vitalmeaning.com\/?page_id=287"},"modified":"2023-03-05T07:13:08","modified_gmt":"2023-03-05T07:13:08","slug":"verktygen-for-personlig-utveckling","status":"publish","type":"page","link":"https:\/\/vitalmeaning.com\/sv\/verktygen-for-personlig-utveckling\/","title":{"rendered":"Verktyg f\u00f6r personlig utveckling"},"content":{"rendered":"<p>Dessa verktyg anv\u00e4nds f\u00f6r att <a href=\"https:\/\/university.personaldevelopmentschool.com\/\">PDS (skola f\u00f6r personlig utveckling)<\/a>. Publicerad med tillst\u00e5nd av Thais Gibson. Om du vill g\u00f6ra en djupare dykning (som Thais skulle s\u00e4ga) i dessa verktyg rekommenderar jag dig att g\u00e5 med i PDS. Det finns fyra direkts\u00e4nda webbseminarier i veckan, massor av sociala webbseminarier och m\u00e5nga olika f\u00f6rinspelade kurser att dyka ner i. <\/p>\n\n\n\n<h2 class=\"wp-block-heading\"><a href=\"https:\/\/vitalmeaning.com\/sv\/vad-ar-btea-och-varfor-ar-det-viktigt-for-mig\/\">BTEA<\/a><\/h2>\n\n\n\n<p><a href=\"https:\/\/vitalmeaning.com\/sv\/vad-ar-btea-och-varfor-ar-det-viktigt-for-mig\/\">BTEA (\u00f6vertygelser - tankar - k\u00e4nslor - handlingar) <\/a>f\u00f6rklarar grunderna f\u00f6r hur v\u00e5ra (grundl\u00e4ggande) \u00f6vertygelser leder till tankar, (negativa eller positiva) k\u00e4nslor och de handlingar som f\u00f6ljer. B\u00f6rja h\u00e4r n\u00e4r du \u00e4r ny p\u00e5 din personliga tillv\u00e4xtresa, f\u00f6r att f\u00f6rst\u00e5 denna grundl\u00e4ggande mekanism. <\/p>\n\n\n\n<ul class=\"wp-block-list\">\n<li><a href=\"https:\/\/vitalmeaning.com\/sv\/vad-ar-btea-och-varfor-ar-det-viktigt-for-mig\/\">BTEA-f\u00f6rklaring och exempel<\/a><\/li>\n\n\n\n<li><a href=\"https:\/\/vitalmeaning.com\/sv\/det-undermedvetnas-kraft-tva-snabba-exempel-fran-sjukhuset\/\">kraften i det undermedvetna sinnet, tv\u00e5 exempel fr\u00e5n sjukhuset<\/a><\/li>\n\n\n\n<li><a href=\"https:\/\/vitalmeaning.com\/sv\/angest-ar-starkare-an-du-tror\/\">\u00c5ngest \u00e4r starkare \u00e4n du tror<\/a> (\u00e5ngest \u00e4r en k\u00e4nsla)<\/li>\n\n\n\n<li><a href=\"https:\/\/vitalmeaning.com\/sv\/cirkusdjur\/\">cirkusdjur<\/a> (en metafor f\u00f6r vad vi har kvar)<\/li>\n\n\n\n<li><a href=\"https:\/\/vitalmeaning.com\/sv\/den-allsmaktiga-hjarnan-lar-sig-dysfunktionella-perceptionsstrategier\/\">Dysfunktionella uppfattningsstrategier<\/a><\/li>\n<\/ul>\n\n\n\n<h2 class=\"wp-block-heading\"><a href=\"https:\/\/vitalmeaning.com\/sv\/identifiera-dina-grundlaggande-sar\/\">K\u00e4rns\u00e5r<\/a> och trosm\u00f6nster.<\/h2>\n\n\n\n<p>K\u00e4rns\u00e5r \u00e4r negativa f\u00f6rest\u00e4llningar om sig sj\u00e4lv och andra i k\u00e4rnan, som forts\u00e4tter att driva m\u00e5nga sm\u00e4rtsamma tankar och k\u00e4nslor i v\u00e5ra liv. En viktig del av arbetet med sj\u00e4lvutveckling \u00e4r att omprogrammera dessa med hj\u00e4lp av autosuggestion. Innan du omprogrammerar dem m\u00e5ste du dock <a href=\"https:\/\/vitalmeaning.com\/sv\/identifiera-dina-grundlaggande-sar\/\">identifiera dem<\/a>.<\/p>\n\n\n\n<ul class=\"wp-block-list\">\n<li><a href=\"https:\/\/vitalmeaning.com\/sv\/identifiera-dina-grundlaggande-sar\/\">En grundkurs om centrala s\u00e5r och hur man identifierar dem<\/a>. Inneh\u00e5ller en f\u00f6rteckning \u00f6ver centrala s\u00e5r.<\/li>\n<\/ul>\n\n\n\n<h2 class=\"wp-block-heading\"><a href=\"https:\/\/vitalmeaning.com\/sv\/autosuggestion-arbetshasten-for-forandring\/\">Autosuggestion<\/a><\/h2>\n\n\n\n<p><a href=\"https:\/\/vitalmeaning.com\/sv\/autosuggestion-arbetshasten-for-forandring\/\">Autosuggestion<\/a> \u00e4r ett s\u00e4tt att arbeta med att uppdatera gamla \u00f6vertygelser till mer produktiva f\u00f6r att st\u00e4rka oss i livet. K\u00e4nslor + upprepning av bevis g\u00f6r susen. <a href=\"https:\/\/vitalmeaning.com\/sv\/autosuggestion-arbetshasten-for-forandring\/\">L\u00e4s mer h\u00e4r.<\/a><\/p>\n\n\n\n<ul class=\"wp-block-list\">\n<li><a href=\"https:\/\/vitalmeaning.com\/sv\/autosuggestion-arbetshasten-for-forandring\/\">Autosuggestion hur man g\u00f6r<\/a><\/li>\n<\/ul>\n\n\n\n<h2 class=\"wp-block-heading\"><a href=\"https:\/\/vitalmeaning.com\/sv\/verktyget-for-emotionell-bearbetning-baserat-pa-thais-gibsons-laror\/\">Verktyg f\u00f6r k\u00e4nslom\u00e4ssig bearbetning<\/a><\/h2>\n\n\n\n<p>The <a href=\"https:\/\/vitalmeaning.com\/sv\/verktyget-for-emotionell-bearbetning-baserat-pa-thais-gibsons-laror\/\">verktyg f\u00f6r behandling av k\u00e4nslor<\/a> kan anv\u00e4ndas n\u00e4r du \u00e4r uppr\u00f6rd, arg, irriterad, ledsen osv. \u00f6ver n\u00e5got. Dess huvudsakliga funktion \u00e4r att balansera dig till ett tillst\u00e5nd fr\u00e5n vilket du tydligare kan se vad du faktiskt beh\u00f6ver i situationen och hur du kan ge dig sj\u00e4lv det. En sekund\u00e4r funktion (som kommer att bli framtr\u00e4dande med tiden) \u00e4r att omprogrammera dig till att vara mindre reaktiv och mer avslappnad - vilket leder till ett h\u00e4lsosammare och mer balanserat liv. <\/p>\n\n\n\n<p>Jag har <a href=\"https:\/\/vitalmeaning.com\/sv\/verktyget-for-emotionell-bearbetning-baserat-pa-thais-gibsons-laror\/\">min egen version av verktyget<\/a> baserad p\u00e5 Thais Gibsons undervisning, som fungerar mycket bra f\u00f6r mig som process. Var medveten om att Thais l\u00e4r ut detta p\u00e5 ett lite annorlunda s\u00e4tt, jag kan intyga min egen version - jag har anv\u00e4nt den framg\u00e5ngsrikt i ungef\u00e4r tv\u00e5 \u00e5r nu! <\/p>\n\n\n\n<p><strong>Detta \u00e4r ett av de viktigaste verktygen f\u00f6r en b\u00e4ttre livskvalitet!<\/strong> Det \u00e4r d\u00e4rf\u00f6r det h\u00e4r blogginl\u00e4gget g\u00e5r p\u00e5 djupet, och ger dig ocks\u00e5 ett kommenterat verkligt exempel p\u00e5 hur jag g\u00f6r det emotionella bearbetningsarbetet (som en nedladdningsbar PDF). <\/p>\n\n\n\n<ul class=\"wp-block-list\">\n<li><a href=\"https:\/\/vitalmeaning.com\/sv\/verktyget-for-emotionell-bearbetning-baserat-pa-thais-gibsons-laror\/\">verktyg f\u00f6r behandling av k\u00e4nslor<\/a><\/li>\n\n\n\n<li><a href=\"https:\/\/vitalmeaning.com\/sv\/emotionell-bearbetning-proffstips-arbeta-med-ratt-uppsattning-berattelser\/\">Tips f\u00f6r emotionell bearbetning: Arbeta med r\u00e4tt ber\u00e4ttelser: Arbeta med r\u00e4tt ber\u00e4ttelser<\/a><\/li>\n<\/ul>\n\n\n\n<h2 class=\"wp-block-heading\">Behov och f\u00f6rv\u00e4ntningar p\u00e5 relationen<\/h2>\n\n\n\n<p>Alla m\u00e4nniskor \u00e4r olika. Vi har alla olika behov och f\u00f6rv\u00e4ntningar och tolkar v\u00e4rlden p\u00e5 v\u00e5ra egna s\u00e4tt. D\u00e4rf\u00f6r \u00e4r det absolut n\u00f6dv\u00e4ndigt att du tar h\u00e4nsyn till dina behov n\u00e4r du fattar beslut, kommunicerar om dem och ser till att de uppfylls. Ditt undermedvetna kommer att leta efter s\u00e4tt att tillgodose dessa behov p\u00e5 det mest effektiva s\u00e4tt som det k\u00e4nner till, vilket kanske inte n\u00f6dv\u00e4ndigtvis \u00e4r det b\u00e4sta s\u00e4ttet \u00f6verlag. <\/p>\n\n\n\n<p>Dina behov \u00e4r ber\u00e4ttigade. Ju mer du tar h\u00e4nsyn till dem, desto mer fantastiskt kommer ditt liv att k\u00e4nnas. Det \u00e4r viktigt att du proaktivt identifierar dina behov och utvecklar och genomf\u00f6r strategier f\u00f6r att uppfylla dem dagligen.<\/p>\n\n\n\n<p><strong>H\u00e4r \u00e4r en liten hemlighet: <\/strong>De relationer som du ing\u00e5r \u00e4r alla utformade f\u00f6r att uppfylla ett eller flera av dina behov. S\u00e5 g\u00f6r det mesta av denna kunskap och s\u00f6k upp relationer som verkligen \u00e4r tillfredsst\u00e4llande, i st\u00e4llet f\u00f6r att projicera dina behov p\u00e5 andra m\u00e4nniskor och sedan bli besviken om m\u00e4nniskor med andra behovsstrukturer inte \u00e4r villiga att visa upp sig f\u00f6r dem. S\u00e5 m\u00e5nga levnads\u00e5r kan sl\u00f6sas bort genom att f\u00f6rv\u00e4nta sig att pingviner ska flyga. De \u00e4r inte f\u00f6dda f\u00f6r det ... ! Men de kan simma vackert.<\/p>\n\n\n\n<h2 class=\"wp-block-heading\">Gr\u00e4nser<\/h2>\n\n\n\n<p>Gr\u00e4nser och en s\u00e5rbar och \u00e4rlig kommunikation om gr\u00e4nser \u00e4r viktigt f\u00f6r varje relation. Gr\u00e4nser \u00e4r det som faktiskt h\u00e5ller dig (k\u00e4nslom\u00e4ssigt) s\u00e4ker, och de \u00e4r livsviktiga. Att ge upp dina egna gr\u00e4nser f\u00f6r att kunna vara n\u00e4ra n\u00e5gon \u00e4r ett recept f\u00f6r f\u00f6rbittring och instabilitet i relationen!<\/p>\n\n\n\n<ul class=\"wp-block-list\">\n<li><a href=\"https:\/\/vitalmeaning.com\/sv\/granser-i-relationer\/\">Gr\u00e4nser i relationer<\/a><\/li>\n<\/ul>\n\n\n\n<h2 class=\"wp-block-heading\">Kostnads- och nyttoanalys<\/h2>\n\n\n\n<p>Vi reagerar p\u00e5 k\u00e4nslom\u00e4ssiga associationer. N\u00e4r du fattar beslut och medvetet f\u00f6redrar en (h\u00e4lsosammare) l\u00f6sning f\u00f6r dig sj\u00e4lv kan du titta p\u00e5 kostnaderna f\u00f6r den l\u00f6sning som du \"k\u00e4nner\" mer f\u00f6r och p\u00e5 f\u00f6rdelarna med den l\u00f6sning som du faktiskt f\u00f6redrar.  Detta fungerar ocks\u00e5 om du \u00e4r fast i en viss situation - till exempel i ett oh\u00e4lsosamt romantiskt f\u00f6rh\u00e5llande. Genom att associera nackdelar med det f\u00f6rh\u00e5llande du befinner dig i och f\u00f6rdelar med att g\u00e5 vidare kommer du att f\u00e5 en b\u00e4ttre position f\u00f6r att kunna sl\u00e4ppa taget.<\/p>\n\n\n\n<p>Som alltid n\u00e4r det g\u00e4ller detta arbete \u00e4r upprepning + k\u00e4nsla nycklarna till att det fungerar!  <\/p>\n\n\n\n<h2 class=\"wp-block-heading\"><a href=\"https:\/\/vitalmeaning.com\/sv\/uppdatering-av-copingmekanismer\/\">\u00d6verlevnadsmekanismer<\/a><\/h2>\n\n\n\n<p>N\u00e4r vi \u00e4r stressade och uppr\u00f6rda tar vi ofta till en rad olika <a href=\"https:\/\/vitalmeaning.com\/sv\/uppdatering-av-copingmekanismer\/\">Copingmekanismer och beteenden.<\/a> som vi har l\u00e4rt oss och uppt\u00e4ckt med tiden som effektiva f\u00f6r att \u00e5terst\u00e4lla v\u00e5r k\u00e4nslom\u00e4ssiga j\u00e4mvikt. Det kan handla om positiva copingmekanismer, som att skriva dagbok eller ta en promenad f\u00f6r att lugna ner sig, men det kan ocks\u00e5 handla om mekanismer med en destruktiv komponent, som att dricka eller mobba andra m\u00e4nniskor (f\u00f6r att \u00e5terf\u00e5 k\u00e4nslan av makt). <\/p>\n\n\n\n<p>Det \u00e4r viktigt att unders\u00f6ka <a href=\"https:\/\/vitalmeaning.com\/sv\/uppdatering-av-copingmekanismer\/\">de copingmekanismer som du anv\u00e4nder<\/a>och uppdatera dem med h\u00e4lsosammare strategier f\u00f6r att uppfylla dina behov, om det beh\u00f6vs.<\/p>\n\n\n\n<ul class=\"wp-block-list\">\n<li><a href=\"https:\/\/vitalmeaning.com\/sv\/uppdatering-av-copingmekanismer\/\">Uppdatera dina copingmekanismer<\/a> <\/li>\n<\/ul>\n\n\n\n<h2 class=\"wp-block-heading\">Arbete med reglering av nervsystemet<\/h2>\n\n\n\n<p>Ditt nervsystem har tv\u00e5 huvudtillst\u00e5nd: \"vila och sm\u00e4lta\" (parasympatiskt) och \"attackera och f\u00f6rsvara\" (sympatiskt). <\/p>\n\n\n\n<p>B\u00e5da staterna \u00e4r n\u00f6dv\u00e4ndiga - det \u00e4r d\u00e4rf\u00f6r ni har dem b\u00e5da! Nyckeln \u00e4r att ha en bra balans mellan dem. <\/p>\n\n\n\n<p>Regleringen av nervsystemet hj\u00e4lper dig att bli aktiv n\u00e4r du beh\u00f6ver vara aktiv - och att bli lugn n\u00e4r du beh\u00f6ver vara lugn, t.ex. vid s\u00e4ngg\u00e5endet. <\/p>\n\n\n\n<p>Om du kan sj\u00e4lvreglera ditt nervsystem i st\u00e4llet f\u00f6r att f\u00f6rlita dig p\u00e5 externa faktorer (t.ex. alkohol, m\u00e4nniskor, ... ) f\u00e5r du ytterligare ett ov\u00e4rderligt verktyg i ditt verktygsb\u00e4lte f\u00f6r sj\u00e4lvutveckling. <\/p>\n\n\n\n<p>Detta uppn\u00e5s till exempel genom andnings\u00f6vningar, yoga, men ocks\u00e5 genom att <a href=\"https:\/\/vitalmeaning.com\/sv\/verktyget-for-emotionell-bearbetning-baserat-pa-thais-gibsons-laror\/\">k\u00e4nslom\u00e4ssig bearbetning.<\/a> tenderar att \u00e5terf\u00f6ra dig till lugnare tillst\u00e5nd.<\/p>\n\n\n\n<h2 class=\"wp-block-heading\">Skuggarbete<\/h2>\n\n\n\n<p>Skuggarbete \u00e4r ett avancerat verktyg som kan anv\u00e4ndas f\u00f6r att uppt\u00e4cka egenskaper, beteenden och m\u00f6nster som du inte \u00e4r medveten om. Det b\u00f6rjar med att man blir triggad av n\u00e5gon (skuggarbete) eller f\u00f6r\u00e4lskad i n\u00e5gon (gyllene skuggarbete). M\u00e5nga gyllene guldkorn av visdom (som thail\u00e4ndarna skulle s\u00e4ga) finns att h\u00e4mta h\u00e4r!<\/p>\n\n\n\n<ul class=\"wp-block-list\">\n<li><a href=\"https:\/\/vitalmeaning.com\/sv\/upprord-om-avstand-gor-gyllene-skugga-arbete\/\">gyllene skuggarbete<\/a> exempel<\/li>\n\n\n\n<li><a href=\"https:\/\/vitalmeaning.com\/sv\/skuggbearbetning-i-realtid-forsvarsteknik-skydd-mot-orattvis-kritik\/\">f\u00f6rsvarsteknik f\u00f6r skuggbehandling i realtid (skydd mot or\u00e4ttvis kritik)<\/a><\/li>\n<\/ul>\n\n\n\n<h2 class=\"wp-block-heading\"><a href=\"https:\/\/vitalmeaning.com\/sv\/professionella-coaching-tjanster\/\">Coachning<\/a><\/h2>\n\n\n\n<p>Jag erbjuder en enskild samtalsbehandling. <a href=\"https:\/\/vitalmeaning.com\/sv\/professionella-coaching-tjanster\/\">Coaching-tj\u00e4nster<\/a>, om du vill ha en guidad upplevelse och lite extra st\u00f6d. L\u00e4s mer om <a href=\"https:\/\/vitalmeaning.com\/sv\/professionella-coaching-tjanster\/\">coaching f\u00f6r personlig utveckling och tillv\u00e4xt h\u00e4r<\/a>, inklusive mina timpriser och rabattm\u00f6jligheter. Den f\u00f6rsta sessionen \u00e4r alltid gratis!<\/p>\n\n\n\n<h2 class=\"wp-block-heading\">Ytterligare anv\u00e4ndbara resurser<\/h2>\n\n\n\n<ul class=\"wp-block-list\">\n<li><a href=\"https:\/\/vitalmeaning.com\/sv\/lista-over-forkortningar-som-anvands-i-pds\/\">F\u00f6rteckning \u00f6ver f\u00f6rkortningar som anv\u00e4nds i PDS<\/a><\/li>\n\n\n\n<li><strong><a href=\"https:\/\/vitalmeaning.com\/sv\/en-viktig-video-om-sjalvforgorande-beteenden\/\">En viktig video om sj\u00e4lvf\u00f6rst\u00f6rande beteenden<\/a> (rekommenderas starkt!)<\/strong><\/li>\n\n\n\n<li><a href=\"https:\/\/university.personaldevelopmentschool.com\/\">Skolan f\u00f6r personlig utveckling av Thais Gibson<\/a> - delta i den f\u00f6r att dyka djupare ner i alla dessa verktyg!<\/li>\n\n\n\n<li><a href=\"https:\/\/vitalmeaning.com\/sv\/7-livsomraden\/\">sju livsomr\u00e5den<\/a><\/li>\n\n\n\n<li><a href=\"https:\/\/vitalmeaning.com\/sv\/6-komponenter-i-iat\/\">sex komponenter i IAT (integrerad anknytningsteori)<\/a><\/li>\n\n\n\n<li><a href=\"https:\/\/vitalmeaning.com\/sv\/fem-steg-for-att-undvika-dysfunktionella-relationer\/\"><strong>Fem steg f\u00f6r att undvika dysfunktionella relationer<\/strong><\/a><\/li>\n<\/ul>\n\n\n\n<h3 class=\"wp-block-heading\">Fasth\u00e5llningsstilar<\/h3>\n\n\n\n<ul class=\"wp-block-list\">\n<li><a href=\"https:\/\/vitalmeaning.com\/sv\/otrygg-anknytningsstil-och-kontroll\/\">Otrygga anknytningsstilar och kontroll<\/a><\/li>\n\n\n\n<li><a href=\"https:\/\/vitalmeaning.com\/sv\/elden-en-metafor-for-avvisande-undvikare-i-ditt-liv\/\">elden: en metafor f\u00f6r avvisande undvikare i ditt liv<\/a><\/li>\n\n\n\n<li><\/li>\n<\/ul>","protected":false},"excerpt":{"rendered":"<p>These are the tools used in PDS (personal development school). Published by permission of Thais Gibson. If you want to do a deeper dive (as Thais would say) into these tools, I highly recommend for you to join PDS. There are four live webinars a week, lots of social webinars, and many different pre-recorded courses [&hellip;]<\/p>\n","protected":false},"author":2,"featured_media":0,"parent":0,"menu_order":0,"comment_status":"closed","ping_status":"closed","template":"","meta":{"_uag_custom_page_level_css":"","site-sidebar-layout":"default","site-content-layout":"","ast-site-content-layout":"default","site-content-style":"default","site-sidebar-style":"default","ast-global-header-display":"","ast-banner-title-visibility":"","ast-main-header-display":"","ast-hfb-above-header-display":"","ast-hfb-below-header-display":"","ast-hfb-mobile-header-display":"","site-post-title":"","ast-breadcrumbs-content":"","ast-featured-img":"","footer-sml-layout":"","theme-transparent-header-meta":"","adv-header-id-meta":"","stick-header-meta":"","header-above-stick-meta":"","header-main-stick-meta":"","header-below-stick-meta":"","astra-migrate-meta-layouts":"default","ast-page-background-enabled":"default","ast-page-background-meta":{"desktop":{"background-color":"var(--ast-global-color-4)","background-image":"","background-repeat":"repeat","background-position":"center center","background-size":"auto","background-attachment":"scroll","background-type":"","background-media":"","overlay-type":"","overlay-color":"","overlay-opacity":"","overlay-gradient":""},"tablet":{"background-color":"","background-image":"","background-repeat":"repeat","background-position":"center center","background-size":"auto","background-attachment":"scroll","background-type":"","background-media":"","overlay-type":"","overlay-color":"","overlay-opacity":"","overlay-gradient":""},"mobile":{"background-color":"","background-image":"","background-repeat":"repeat","background-position":"center center","background-size":"auto","background-attachment":"scroll","background-type":"","background-media":"","overlay-type":"","overlay-color":"","overlay-opacity":"","overlay-gradient":""}},"ast-content-background-meta":{"desktop":{"background-color":"var(--ast-global-color-5)","background-image":"","background-repeat":"repeat","background-position":"center center","background-size":"auto","background-attachment":"scroll","background-type":"","background-media":"","overlay-type":"","overlay-color":"","overlay-opacity":"","overlay-gradient":""},"tablet":{"background-color":"var(--ast-global-color-5)","background-image":"","background-repeat":"repeat","background-position":"center center","background-size":"auto","background-attachment":"scroll","background-type":"","background-media":"","overlay-type":"","overlay-color":"","overlay-opacity":"","overlay-gradient":""},"mobile":{"background-color":"var(--ast-global-color-5)","background-image":"","background-repeat":"repeat","background-position":"center center","background-size":"auto","background-attachment":"scroll","background-type":"","background-media":"","overlay-type":"","overlay-color":"","overlay-opacity":"","overlay-gradient":""}},"footnotes":""},"class_list":["post-287","page","type-page","status-publish","hentry"],"yoast_head":"<!-- This site is optimized with the Yoast SEO plugin v27.0 - https:\/\/yoast.com\/product\/yoast-seo-wordpress\/ -->\n<title>The tools for personal growth - VitalMeaning<\/title>\n<meta name=\"robots\" content=\"index, follow, max-snippet:-1, max-image-preview:large, max-video-preview:-1\" \/>\n<link rel=\"canonical\" href=\"https:\/\/vitalmeaning.com\/sv\/verktygen-for-personlig-utveckling\/\" \/>\n<meta property=\"og:locale\" content=\"sv_SE\" \/>\n<meta property=\"og:type\" content=\"article\" \/>\n<meta property=\"og:title\" content=\"The tools for personal growth - VitalMeaning\" \/>\n<meta property=\"og:description\" content=\"These are the tools used in PDS (personal development school). Published by permission of Thais Gibson. If you want to do a deeper dive (as Thais would say) into these tools, I highly recommend for you to join PDS. There are four live webinars a week, lots of social webinars, and many different pre-recorded courses [&hellip;]\" \/>\n<meta property=\"og:url\" content=\"https:\/\/vitalmeaning.com\/sv\/verktygen-for-personlig-utveckling\/\" \/>\n<meta property=\"og:site_name\" content=\"VitalMeaning\" \/>\n<meta property=\"article:modified_time\" content=\"2023-03-05T07:13:08+00:00\" \/>\n<meta name=\"twitter:card\" content=\"summary_large_image\" \/>\n<meta name=\"twitter:label1\" content=\"Ber\u00e4knad l\u00e4stid\" \/>\n\t<meta name=\"twitter:data1\" content=\"6 minuter\" \/>\n<script type=\"application\/ld+json\" class=\"yoast-schema-graph\">{\"@context\":\"https:\/\/schema.org\",\"@graph\":[{\"@type\":\"WebPage\",\"@id\":\"https:\/\/vitalmeaning.com\/the-tools-for-personal-growth\/\",\"url\":\"https:\/\/vitalmeaning.com\/the-tools-for-personal-growth\/\",\"name\":\"The tools for personal growth - VitalMeaning\",\"isPartOf\":{\"@id\":\"https:\/\/vitalmeaning.com\/#website\"},\"datePublished\":\"2023-01-01T03:45:19+00:00\",\"dateModified\":\"2023-03-05T07:13:08+00:00\",\"breadcrumb\":{\"@id\":\"https:\/\/vitalmeaning.com\/the-tools-for-personal-growth\/#breadcrumb\"},\"inLanguage\":\"sv-SE\",\"potentialAction\":[{\"@type\":\"ReadAction\",\"target\":[\"https:\/\/vitalmeaning.com\/the-tools-for-personal-growth\/\"]}]},{\"@type\":\"BreadcrumbList\",\"@id\":\"https:\/\/vitalmeaning.com\/the-tools-for-personal-growth\/#breadcrumb\",\"itemListElement\":[{\"@type\":\"ListItem\",\"position\":1,\"name\":\"Home\",\"item\":\"https:\/\/vitalmeaning.com\/\"},{\"@type\":\"ListItem\",\"position\":2,\"name\":\"The tools for personal growth\"}]},{\"@type\":\"WebSite\",\"@id\":\"https:\/\/vitalmeaning.com\/#website\",\"url\":\"https:\/\/vitalmeaning.com\/\",\"name\":\"VitalMeaning\",\"description\":\"my self development journey\",\"potentialAction\":[{\"@type\":\"SearchAction\",\"target\":{\"@type\":\"EntryPoint\",\"urlTemplate\":\"https:\/\/vitalmeaning.com\/?s={search_term_string}\"},\"query-input\":{\"@type\":\"PropertyValueSpecification\",\"valueRequired\":true,\"valueName\":\"search_term_string\"}}],\"inLanguage\":\"sv-SE\"}]}<\/script>\n<!-- \/ Yoast SEO plugin. -->","yoast_head_json":{"title":"Verktyg f\u00f6r personlig utveckling - VitalMeaning","robots":{"index":"index","follow":"follow","max-snippet":"max-snippet:-1","max-image-preview":"max-image-preview:large","max-video-preview":"max-video-preview:-1"},"canonical":"https:\/\/vitalmeaning.com\/sv\/verktygen-for-personlig-utveckling\/","og_locale":"sv_SE","og_type":"article","og_title":"The tools for personal growth - VitalMeaning","og_description":"These are the tools used in PDS (personal development school). Published by permission of Thais Gibson. If you want to do a deeper dive (as Thais would say) into these tools, I highly recommend for you to join PDS. There are four live webinars a week, lots of social webinars, and many different pre-recorded courses [&hellip;]","og_url":"https:\/\/vitalmeaning.com\/sv\/verktygen-for-personlig-utveckling\/","og_site_name":"VitalMeaning","article_modified_time":"2023-03-05T07:13:08+00:00","twitter_card":"summary_large_image","twitter_misc":{"Ber\u00e4knad l\u00e4stid":"6 minuter"},"schema":{"@context":"https:\/\/schema.org","@graph":[{"@type":"WebPage","@id":"https:\/\/vitalmeaning.com\/the-tools-for-personal-growth\/","url":"https:\/\/vitalmeaning.com\/the-tools-for-personal-growth\/","name":"Verktyg f\u00f6r personlig utveckling - VitalMeaning","isPartOf":{"@id":"https:\/\/vitalmeaning.com\/#website"},"datePublished":"2023-01-01T03:45:19+00:00","dateModified":"2023-03-05T07:13:08+00:00","breadcrumb":{"@id":"https:\/\/vitalmeaning.com\/the-tools-for-personal-growth\/#breadcrumb"},"inLanguage":"sv-SE","potentialAction":[{"@type":"ReadAction","target":["https:\/\/vitalmeaning.com\/the-tools-for-personal-growth\/"]}]},{"@type":"BreadcrumbList","@id":"https:\/\/vitalmeaning.com\/the-tools-for-personal-growth\/#breadcrumb","itemListElement":[{"@type":"ListItem","position":1,"name":"Home","item":"https:\/\/vitalmeaning.com\/"},{"@type":"ListItem","position":2,"name":"The tools for personal growth"}]},{"@type":"WebSite","@id":"https:\/\/vitalmeaning.com\/#website","url":"https:\/\/vitalmeaning.com\/","name":"VitalMeaning","description":"min resa f\u00f6r sj\u00e4lvutveckling","potentialAction":[{"@type":"SearchAction","target":{"@type":"EntryPoint","urlTemplate":"https:\/\/vitalmeaning.com\/?s={search_term_string}"},"query-input":{"@type":"PropertyValueSpecification","valueRequired":true,"valueName":"search_term_string"}}],"inLanguage":"sv-SE"}]}},"uagb_featured_image_src":{"full":false,"thumbnail":false,"medium":false,"medium_large":false,"large":false,"1536x1536":false,"2048x2048":false,"trp-custom-language-flag":false},"uagb_author_info":{"display_name":"Max","author_link":"https:\/\/vitalmeaning.com\/sv\/author\/max\/"},"uagb_comment_info":0,"uagb_excerpt":"These are the tools used in PDS (personal development school). Published by permission of Thais Gibson. If you want to do a deeper dive (as Thais would say) into these tools, I highly recommend for you to join PDS. There are four live webinars a week, lots of social webinars, and many different pre-recorded courses&hellip;","_links":{"self":[{"href":"https:\/\/vitalmeaning.com\/sv\/wp-json\/wp\/v2\/pages\/287","targetHints":{"allow":["GET"]}}],"collection":[{"href":"https:\/\/vitalmeaning.com\/sv\/wp-json\/wp\/v2\/pages"}],"about":[{"href":"https:\/\/vitalmeaning.com\/sv\/wp-json\/wp\/v2\/types\/page"}],"author":[{"embeddable":true,"href":"https:\/\/vitalmeaning.com\/sv\/wp-json\/wp\/v2\/users\/2"}],"replies":[{"embeddable":true,"href":"https:\/\/vitalmeaning.com\/sv\/wp-json\/wp\/v2\/comments?post=287"}],"version-history":[{"count":19,"href":"https:\/\/vitalmeaning.com\/sv\/wp-json\/wp\/v2\/pages\/287\/revisions"}],"predecessor-version":[{"id":360,"href":"https:\/\/vitalmeaning.com\/sv\/wp-json\/wp\/v2\/pages\/287\/revisions\/360"}],"wp:attachment":[{"href":"https:\/\/vitalmeaning.com\/sv\/wp-json\/wp\/v2\/media?parent=287"}],"curies":[{"name":"wp","href":"https:\/\/api.w.org\/{rel}","templated":true}]}}